{"id":143,"date":"2025-09-08T23:03:12","date_gmt":"2025-09-08T21:03:12","guid":{"rendered":"http:\/\/machakwayra.org\/mw\/?page_id=143"},"modified":"2025-09-10T00:02:53","modified_gmt":"2025-09-09T22:02:53","slug":"rgpd-le-reglement-general-sur-la-protection-des-donnees","status":"publish","type":"page","link":"https:\/\/machakwayra.org\/mw\/index.php\/rgpd-le-reglement-general-sur-la-protection-des-donnees\/","title":{"rendered":"RGPD &#8211; Le r\u00e8glement g\u00e9n\u00e9ral sur la protection des donn\u00e9es"},"content":{"rendered":"\n<p><em>R\u00e8glement (UE) 2016\/679 du Parlement europ\u00e9en et du Conseil du 27 avril 2016, relatif \u00e0 la protection des personnes physiques \u00e0 l&rsquo;\u00e9gard du traitement des donn\u00e9es \u00e0 caract\u00e8re personnel et \u00e0 la libre circulation de ces donn\u00e9es, et abrogeant la directive 95\/46\/CE (r\u00e8glement g\u00e9n\u00e9ral sur la protection des donn\u00e9es).<\/em><\/p>\n\n\n\n<p>Vous pouvez trouver l&rsquo;information compl\u00e8te sur cette regl\u00e8mentation sur le site de la&nbsp;<a href=\"https:\/\/www.cnil.fr\/fr\/reglement-europeen-protection-donnees\"><strong>Commission Nationale de l&rsquo;Informatique et des Libert\u00e9s<\/strong>&nbsp;(CNIL)<\/a><\/p>\n\n\n\n<h2 class=\"wp-block-heading\">1. Responsable du traitement<\/h2>\n\n\n\n<p><strong>Association Macha\u2019k Wayra<\/strong><br>Adresse : 11, rue Wimpheling, 67000 Strasbourg, FRANCE<br>Email :&nbsp;<a>machakwayra@hotmail.fr<\/a><br>T\u00e9l\u00e9phone : +33 3 88 60 18 04<br>Responsable l\u00e9gal :&nbsp;<strong>Alexandra P\u00c9REZ, Pr\u00e9sidente<\/strong><\/p>\n\n\n\n<hr class=\"wp-block-separator has-alpha-channel-opacity\"\/>\n\n\n\n<h2 class=\"wp-block-heading\">2. Donn\u00e9es collect\u00e9es<\/h2>\n\n\n\n<p>Le site peut collecter les donn\u00e9es suivantes via ses formulaires :<\/p>\n\n\n\n<ul class=\"wp-block-list\">\n<li>Nom et pr\u00e9nom<\/li>\n\n\n\n<li>Adresse email<\/li>\n\n\n\n<li>Message envoy\u00e9 via le formulaire de contact<\/li>\n\n\n\n<li>Autres informations que vous choisissez de fournir<\/li>\n<\/ul>\n\n\n\n<p>Le site peut \u00e9galement utiliser des cookies pour analyser la navigation et am\u00e9liorer l\u2019exp\u00e9rience utilisateur.<\/p>\n\n\n\n<hr class=\"wp-block-separator has-alpha-channel-opacity\"\/>\n\n\n\n<h2 class=\"wp-block-heading\">3. Finalit\u00e9 de la collecte<\/h2>\n\n\n\n<p>Vos donn\u00e9es sont utilis\u00e9es uniquement pour :<\/p>\n\n\n\n<ul class=\"wp-block-list\">\n<li>R\u00e9pondre \u00e0 vos demandes via le formulaire de contact<\/li>\n\n\n\n<li>Am\u00e9liorer le site et son contenu<\/li>\n\n\n\n<li>Analyser la fr\u00e9quentation du site (cookies et statistiques)<\/li>\n<\/ul>\n\n\n\n<hr class=\"wp-block-separator has-alpha-channel-opacity\"\/>\n\n\n\n<h2 class=\"wp-block-heading\">4. Base l\u00e9gale<\/h2>\n\n\n\n<p>Le traitement des donn\u00e9es personnelles est bas\u00e9 sur votre&nbsp;<strong>consentement explicite<\/strong>, que vous acceptez en envoyant un formulaire ou en validant les cookies non essentiels.<\/p>\n\n\n\n<hr class=\"wp-block-separator has-alpha-channel-opacity\"\/>\n\n\n\n<h2 class=\"wp-block-heading\">5. Dur\u00e9e de conservation<\/h2>\n\n\n\n<ul class=\"wp-block-list\">\n<li>Les donn\u00e9es collect\u00e9es via le formulaire de contact sont conserv\u00e9es&nbsp;<strong>3 ans maximum<\/strong>&nbsp;apr\u00e8s votre dernier contact.<\/li>\n\n\n\n<li>Les donn\u00e9es analytiques et cookies sont conserv\u00e9es selon la dur\u00e9e d\u00e9finie par le service utilis\u00e9 (ex. Google Analytics).<\/li>\n<\/ul>\n\n\n\n<hr class=\"wp-block-separator has-alpha-channel-opacity\"\/>\n\n\n\n<h2 class=\"wp-block-heading\">6. Destinataires des donn\u00e9es<\/h2>\n\n\n\n<ul class=\"wp-block-list\">\n<li>Les donn\u00e9es collect\u00e9es sont accessibles uniquement au personnel autoris\u00e9 de l\u2019association Macha\u2019k Wayra.<\/li>\n\n\n\n<li>Aucune donn\u00e9e n\u2019est transmise \u00e0 des tiers non n\u00e9cessaires.<\/li>\n<\/ul>\n\n\n\n<hr class=\"wp-block-separator has-alpha-channel-opacity\"\/>\n\n\n\n<h2 class=\"wp-block-heading\">7. Droits des utilisateurs<\/h2>\n\n\n\n<p>Vous disposez des droits suivants sur vos donn\u00e9es personnelles :<\/p>\n\n\n\n<ul class=\"wp-block-list\">\n<li>Droit d\u2019acc\u00e8s<\/li>\n\n\n\n<li>Droit de rectification<\/li>\n\n\n\n<li>Droit \u00e0 l\u2019effacement<\/li>\n\n\n\n<li>Droit \u00e0 la limitation du traitement<\/li>\n\n\n\n<li>Droit d\u2019opposition<\/li>\n\n\n\n<li>Droit \u00e0 la portabilit\u00e9 des donn\u00e9es<\/li>\n<\/ul>\n\n\n\n<p>Pour exercer ces droits, contactez l\u2019association \u00e0&nbsp;<strong><a>machakwayra@hotmail.fr<\/a><\/strong>.<br>Pour plus d\u2019informations sur vos droits et la protection des donn\u00e9es, consultez le site officiel de la CNIL :&nbsp;<a>https:\/\/www.cnil.fr<\/a> &#8211; <a href=\"https:\/\/www.cnil.fr\/fr\/reglement-europeen-protection-donnees\">RDPG<\/a><\/p>\n\n\n\n<hr class=\"wp-block-separator has-alpha-channel-opacity\"\/>\n\n\n\n<h2 class=\"wp-block-heading\">8. Cookies et traceurs<\/h2>\n\n\n\n<ul class=\"wp-block-list\">\n<li>Le site utilise des cookies pour am\u00e9liorer la navigation et analyser l\u2019audience.<\/li>\n\n\n\n<li>Lors de votre premi\u00e8re visite, un bandeau vous permet d\u2019accepter ou de refuser les cookies non essentiels.<\/li>\n<\/ul>\n\n\n\n<hr class=\"wp-block-separator has-alpha-channel-opacity\"\/>\n\n\n\n<h2 class=\"wp-block-heading\">9. S\u00e9curit\u00e9 des donn\u00e9es<\/h2>\n\n\n\n<p>L\u2019association met en place des mesures techniques et organisationnelles pour prot\u00e9ger vos donn\u00e9es contre tout acc\u00e8s non autoris\u00e9, modification, divulgation ou destruction.<\/p>\n\n\n\n<hr class=\"wp-block-separator has-alpha-channel-opacity\"\/>\n\n\n\n<h2 class=\"wp-block-heading\">10. Modifications de la politique<\/h2>\n\n\n\n<p>Cette politique de confidentialit\u00e9 peut \u00eatre mise \u00e0 jour. Il est conseill\u00e9 de la consulter r\u00e9guli\u00e8rement pour prendre connaissance des \u00e9ventuelles modifications.<\/p>\n\n\n\n<hr class=\"wp-block-separator has-alpha-channel-opacity\"\/>\n\n\n\n<p>\u00a9 2005-2025 Association Macha\u2019k Wayra \u2013 Tous droits r\u00e9serv\u00e9s<\/p>\n","protected":false},"excerpt":{"rendered":"<p>R\u00e8glement (UE) 2016\/679 du Parlement europ\u00e9en et du Conseil du 27 avril 2016, relatif \u00e0 la protection des personnes physiques \u00e0 l&rsquo;\u00e9gard du traitement des donn\u00e9es \u00e0 caract\u00e8re personnel et [&hellip;]<\/p>\n","protected":false},"author":1,"featured_media":0,"parent":0,"menu_order":0,"comment_status":"closed","ping_status":"closed","template":"","meta":{"site-sidebar-layout":"default","site-content-layout":"","ast-site-content-layout":"default","site-content-style":"default","site-sidebar-style":"default","ast-global-header-display":"","ast-banner-title-visibility":"","ast-main-header-display":"","ast-hfb-above-header-display":"","ast-hfb-below-header-display":"","ast-hfb-mobile-header-display":"","site-post-title":"","ast-breadcrumbs-content":"","ast-featured-img":"","footer-sml-layout":"","ast-disable-related-posts":"","theme-transparent-header-meta":"","adv-header-id-meta":"","stick-header-meta":"","header-above-stick-meta":"","header-main-stick-meta":"","header-below-stick-meta":"","astra-migrate-meta-layouts":"default","ast-page-background-enabled":"default","ast-page-background-meta":{"desktop":{"background-color":"var(--ast-global-color-5)","background-image":"","background-repeat":"repeat","background-position":"center center","background-size":"auto","background-attachment":"scroll","background-type":"","background-media":"","overlay-type":"","overlay-color":"","overlay-opacity":"","overlay-gradient":""},"tablet":{"background-color":"","background-image":"","background-repeat":"repeat","background-position":"center center","background-size":"auto","background-attachment":"scroll","background-type":"","background-media":"","overlay-type":"","overlay-color":"","overlay-opacity":"","overlay-gradient":""},"mobile":{"background-color":"","background-image":"","background-repeat":"repeat","background-position":"center center","background-size":"auto","background-attachment":"scroll","background-type":"","background-media":"","overlay-type":"","overlay-color":"","overlay-opacity":"","overlay-gradient":""}},"ast-content-background-meta":{"desktop":{"background-color":"var(--ast-global-color-4)","background-image":"","background-repeat":"repeat","background-position":"center center","background-size":"auto","background-attachment":"scroll","background-type":"","background-media":"","overlay-type":"","overlay-color":"","overlay-opacity":"","overlay-gradient":""},"tablet":{"background-color":"var(--ast-global-color-4)","background-image":"","background-repeat":"repeat","background-position":"center center","background-size":"auto","background-attachment":"scroll","background-type":"","background-media":"","overlay-type":"","overlay-color":"","overlay-opacity":"","overlay-gradient":""},"mobile":{"background-color":"var(--ast-global-color-4)","background-image":"","background-repeat":"repeat","background-position":"center center","background-size":"auto","background-attachment":"scroll","background-type":"","background-media":"","overlay-type":"","overlay-color":"","overlay-opacity":"","overlay-gradient":""}},"footnotes":""},"class_list":["post-143","page","type-page","status-publish","hentry"],"_links":{"self":[{"href":"https:\/\/machakwayra.org\/mw\/index.php\/wp-json\/wp\/v2\/pages\/143","targetHints":{"allow":["GET"]}}],"collection":[{"href":"https:\/\/machakwayra.org\/mw\/index.php\/wp-json\/wp\/v2\/pages"}],"about":[{"href":"https:\/\/machakwayra.org\/mw\/index.php\/wp-json\/wp\/v2\/types\/page"}],"author":[{"embeddable":true,"href":"https:\/\/machakwayra.org\/mw\/index.php\/wp-json\/wp\/v2\/users\/1"}],"replies":[{"embeddable":true,"href":"https:\/\/machakwayra.org\/mw\/index.php\/wp-json\/wp\/v2\/comments?post=143"}],"version-history":[{"count":3,"href":"https:\/\/machakwayra.org\/mw\/index.php\/wp-json\/wp\/v2\/pages\/143\/revisions"}],"predecessor-version":[{"id":188,"href":"https:\/\/machakwayra.org\/mw\/index.php\/wp-json\/wp\/v2\/pages\/143\/revisions\/188"}],"wp:attachment":[{"href":"https:\/\/machakwayra.org\/mw\/index.php\/wp-json\/wp\/v2\/media?parent=143"}],"curies":[{"name":"wp","href":"https:\/\/api.w.org\/{rel}","templated":true}]}}