{"id":236,"date":"2026-03-18T22:50:58","date_gmt":"2026-03-18T21:50:58","guid":{"rendered":"https:\/\/machakwayra.org\/mw\/?page_id=236"},"modified":"2026-03-18T22:50:58","modified_gmt":"2026-03-18T21:50:58","slug":"20-ans","status":"publish","type":"page","link":"https:\/\/machakwayra.org\/mw\/index.php\/20-ans\/","title":{"rendered":"20 ans"},"content":{"rendered":"\n<h2 class=\"wp-block-heading has-large-font-size\"><strong>2025 Macha\u2019k Wayra a f\u00eat\u00e9 ses 20 ans&nbsp;!<\/strong><\/h2>\n\n\n\n<figure class=\"wp-block-image size-large is-resized\"><img loading=\"lazy\" decoding=\"async\" width=\"1024\" height=\"1024\" src=\"https:\/\/machakwayra.org\/mw\/wp-content\/uploads\/2026\/03\/White-and-Black-Floral-Wedding-Invitation-Instagram-Post-1024x1024.png\" alt=\"\" class=\"wp-image-237\" style=\"width:364px;height:auto\" srcset=\"https:\/\/machakwayra.org\/mw\/wp-content\/uploads\/2026\/03\/White-and-Black-Floral-Wedding-Invitation-Instagram-Post-1024x1024.png 1024w, https:\/\/machakwayra.org\/mw\/wp-content\/uploads\/2026\/03\/White-and-Black-Floral-Wedding-Invitation-Instagram-Post-300x300.png 300w, https:\/\/machakwayra.org\/mw\/wp-content\/uploads\/2026\/03\/White-and-Black-Floral-Wedding-Invitation-Instagram-Post-150x150.png 150w, https:\/\/machakwayra.org\/mw\/wp-content\/uploads\/2026\/03\/White-and-Black-Floral-Wedding-Invitation-Instagram-Post-768x768.png 768w, https:\/\/machakwayra.org\/mw\/wp-content\/uploads\/2026\/03\/White-and-Black-Floral-Wedding-Invitation-Instagram-Post.png 1080w\" sizes=\"auto, (max-width: 1024px) 100vw, 1024px\" \/><\/figure>\n\n\n\n<h3 class=\"wp-block-heading\"><strong>En Bolivie le 6 septembre<\/strong>: <\/h3>\n\n\n\n<figure class=\"wp-block-image size-full is-resized\"><img loading=\"lazy\" decoding=\"async\" width=\"873\" height=\"690\" src=\"https:\/\/machakwayra.org\/mw\/wp-content\/uploads\/2026\/03\/20-anos-pastel.jpg\" alt=\"\" class=\"wp-image-238\" style=\"width:300px;height:auto\" srcset=\"https:\/\/machakwayra.org\/mw\/wp-content\/uploads\/2026\/03\/20-anos-pastel.jpg 873w, https:\/\/machakwayra.org\/mw\/wp-content\/uploads\/2026\/03\/20-anos-pastel-300x237.jpg 300w, https:\/\/machakwayra.org\/mw\/wp-content\/uploads\/2026\/03\/20-anos-pastel-768x607.jpg 768w\" sizes=\"auto, (max-width: 873px) 100vw, 873px\" \/><\/figure>\n\n\n\n<p><em>G\u00e2teau d\u2019anniversaire r\u00e9alis\u00e9 par Marta<\/em>.<\/p>\n\n\n\n<p>Nous f\u00eatons nos 20 ans avec toute la population de la province et les autorit\u00e9s locales sur la place centrale de Santiago de Machaca dimanche 6 septembre.<\/p>\n\n\n\n<figure class=\"wp-block-gallery has-nested-images columns-default is-cropped wp-block-gallery-1 is-layout-flex wp-block-gallery-is-layout-flex\">\n<figure class=\"wp-block-image size-large\"><img loading=\"lazy\" decoding=\"async\" width=\"651\" height=\"873\" data-id=\"241\" src=\"https:\/\/machakwayra.org\/mw\/wp-content\/uploads\/2026\/03\/20-anos-Bolivia-1-1.jpg\" alt=\"\" class=\"wp-image-241\" srcset=\"https:\/\/machakwayra.org\/mw\/wp-content\/uploads\/2026\/03\/20-anos-Bolivia-1-1.jpg 651w, https:\/\/machakwayra.org\/mw\/wp-content\/uploads\/2026\/03\/20-anos-Bolivia-1-1-224x300.jpg 224w\" sizes=\"auto, (max-width: 651px) 100vw, 651px\" \/><\/figure>\n\n\n\n<figure class=\"wp-block-image size-large\"><img loading=\"lazy\" decoding=\"async\" width=\"901\" height=\"507\" data-id=\"248\" src=\"https:\/\/machakwayra.org\/mw\/wp-content\/uploads\/2026\/03\/20-anos-Bolivia-2.jpg\" alt=\"\" class=\"wp-image-248\" srcset=\"https:\/\/machakwayra.org\/mw\/wp-content\/uploads\/2026\/03\/20-anos-Bolivia-2.jpg 901w, https:\/\/machakwayra.org\/mw\/wp-content\/uploads\/2026\/03\/20-anos-Bolivia-2-300x169.jpg 300w, https:\/\/machakwayra.org\/mw\/wp-content\/uploads\/2026\/03\/20-anos-Bolivia-2-768x432.jpg 768w\" sizes=\"auto, (max-width: 901px) 100vw, 901px\" \/><\/figure>\n\n\n\n<figure class=\"wp-block-image size-large\"><img loading=\"lazy\" decoding=\"async\" width=\"625\" height=\"869\" data-id=\"244\" src=\"https:\/\/machakwayra.org\/mw\/wp-content\/uploads\/2026\/03\/20-anos-Bolivia-5.jpg\" alt=\"\" class=\"wp-image-244\" srcset=\"https:\/\/machakwayra.org\/mw\/wp-content\/uploads\/2026\/03\/20-anos-Bolivia-5.jpg 625w, https:\/\/machakwayra.org\/mw\/wp-content\/uploads\/2026\/03\/20-anos-Bolivia-5-216x300.jpg 216w\" sizes=\"auto, (max-width: 625px) 100vw, 625px\" \/><\/figure>\n\n\n\n<figure class=\"wp-block-image size-large\"><img loading=\"lazy\" decoding=\"async\" width=\"575\" height=\"872\" data-id=\"243\" src=\"https:\/\/machakwayra.org\/mw\/wp-content\/uploads\/2026\/03\/20-anos-Bolivia-6.jpg\" alt=\"\" class=\"wp-image-243\" srcset=\"https:\/\/machakwayra.org\/mw\/wp-content\/uploads\/2026\/03\/20-anos-Bolivia-6.jpg 575w, https:\/\/machakwayra.org\/mw\/wp-content\/uploads\/2026\/03\/20-anos-Bolivia-6-198x300.jpg 198w\" sizes=\"auto, (max-width: 575px) 100vw, 575px\" \/><\/figure>\n\n\n\n<figure class=\"wp-block-image size-large\"><img loading=\"lazy\" decoding=\"async\" width=\"803\" height=\"870\" data-id=\"249\" src=\"https:\/\/machakwayra.org\/mw\/wp-content\/uploads\/2026\/03\/20-anos-Bolivia-7.jpg\" alt=\"\" class=\"wp-image-249\" srcset=\"https:\/\/machakwayra.org\/mw\/wp-content\/uploads\/2026\/03\/20-anos-Bolivia-7.jpg 803w, https:\/\/machakwayra.org\/mw\/wp-content\/uploads\/2026\/03\/20-anos-Bolivia-7-277x300.jpg 277w, https:\/\/machakwayra.org\/mw\/wp-content\/uploads\/2026\/03\/20-anos-Bolivia-7-768x832.jpg 768w\" sizes=\"auto, (max-width: 803px) 100vw, 803px\" \/><\/figure>\n\n\n\n<figure class=\"wp-block-image size-large\"><img loading=\"lazy\" decoding=\"async\" width=\"618\" height=\"872\" data-id=\"247\" src=\"https:\/\/machakwayra.org\/mw\/wp-content\/uploads\/2026\/03\/20-anos-Bolivia-4.jpg\" alt=\"\" class=\"wp-image-247\" srcset=\"https:\/\/machakwayra.org\/mw\/wp-content\/uploads\/2026\/03\/20-anos-Bolivia-4.jpg 618w, https:\/\/machakwayra.org\/mw\/wp-content\/uploads\/2026\/03\/20-anos-Bolivia-4-213x300.jpg 213w\" sizes=\"auto, (max-width: 618px) 100vw, 618px\" \/><\/figure>\n\n\n\n<figure class=\"wp-block-image size-large\"><img loading=\"lazy\" decoding=\"async\" width=\"689\" height=\"874\" data-id=\"246\" src=\"https:\/\/machakwayra.org\/mw\/wp-content\/uploads\/2026\/03\/20-anos-Bolivia-8.jpg\" alt=\"\" class=\"wp-image-246\" srcset=\"https:\/\/machakwayra.org\/mw\/wp-content\/uploads\/2026\/03\/20-anos-Bolivia-8.jpg 689w, https:\/\/machakwayra.org\/mw\/wp-content\/uploads\/2026\/03\/20-anos-Bolivia-8-236x300.jpg 236w\" sizes=\"auto, (max-width: 689px) 100vw, 689px\" \/><\/figure>\n\n\n\n<figure class=\"wp-block-image size-large\"><img loading=\"lazy\" decoding=\"async\" width=\"1024\" height=\"668\" data-id=\"245\" src=\"https:\/\/machakwayra.org\/mw\/wp-content\/uploads\/2026\/03\/20-anos-Bolivia-10-1024x668.jpg\" alt=\"\" class=\"wp-image-245\" srcset=\"https:\/\/machakwayra.org\/mw\/wp-content\/uploads\/2026\/03\/20-anos-Bolivia-10-1024x668.jpg 1024w, https:\/\/machakwayra.org\/mw\/wp-content\/uploads\/2026\/03\/20-anos-Bolivia-10-300x196.jpg 300w, https:\/\/machakwayra.org\/mw\/wp-content\/uploads\/2026\/03\/20-anos-Bolivia-10-768x501.jpg 768w, https:\/\/machakwayra.org\/mw\/wp-content\/uploads\/2026\/03\/20-anos-Bolivia-10.jpg 1333w\" sizes=\"auto, (max-width: 1024px) 100vw, 1024px\" \/><\/figure>\n\n\n\n<figure class=\"wp-block-image size-large\"><img loading=\"lazy\" decoding=\"async\" width=\"1006\" height=\"872\" data-id=\"250\" src=\"https:\/\/machakwayra.org\/mw\/wp-content\/uploads\/2026\/03\/20-anos-Bolivia-11.jpg\" alt=\"\" class=\"wp-image-250\" srcset=\"https:\/\/machakwayra.org\/mw\/wp-content\/uploads\/2026\/03\/20-anos-Bolivia-11.jpg 1006w, https:\/\/machakwayra.org\/mw\/wp-content\/uploads\/2026\/03\/20-anos-Bolivia-11-300x260.jpg 300w, https:\/\/machakwayra.org\/mw\/wp-content\/uploads\/2026\/03\/20-anos-Bolivia-11-768x666.jpg 768w\" sizes=\"auto, (max-width: 1006px) 100vw, 1006px\" \/><\/figure>\n\n\n\n<figure class=\"wp-block-image size-large\"><img loading=\"lazy\" decoding=\"async\" width=\"1024\" height=\"643\" data-id=\"251\" src=\"https:\/\/machakwayra.org\/mw\/wp-content\/uploads\/2026\/03\/20-anos-Bolivia-12-1024x643.jpg\" alt=\"\" class=\"wp-image-251\" srcset=\"https:\/\/machakwayra.org\/mw\/wp-content\/uploads\/2026\/03\/20-anos-Bolivia-12-1024x643.jpg 1024w, https:\/\/machakwayra.org\/mw\/wp-content\/uploads\/2026\/03\/20-anos-Bolivia-12-300x188.jpg 300w, https:\/\/machakwayra.org\/mw\/wp-content\/uploads\/2026\/03\/20-anos-Bolivia-12-768x482.jpg 768w, https:\/\/machakwayra.org\/mw\/wp-content\/uploads\/2026\/03\/20-anos-Bolivia-12.jpg 1386w\" sizes=\"auto, (max-width: 1024px) 100vw, 1024px\" \/><\/figure>\n\n\n\n<figure class=\"wp-block-image size-large\"><img loading=\"lazy\" decoding=\"async\" width=\"689\" height=\"874\" data-id=\"240\" src=\"https:\/\/machakwayra.org\/mw\/wp-content\/uploads\/2026\/03\/20-anos-Bolivia-13.jpg\" alt=\"\" class=\"wp-image-240\" srcset=\"https:\/\/machakwayra.org\/mw\/wp-content\/uploads\/2026\/03\/20-anos-Bolivia-13.jpg 689w, https:\/\/machakwayra.org\/mw\/wp-content\/uploads\/2026\/03\/20-anos-Bolivia-13-236x300.jpg 236w\" sizes=\"auto, (max-width: 689px) 100vw, 689px\" \/><\/figure>\n<\/figure>\n\n\n\n<p>\u00c0 propos des photos: <\/p>\n\n\n\n<ul class=\"wp-block-list\">\n<li><em>Panneau avec nos diff\u00e9rents projets<\/em>.<\/li>\n\n\n\n<li><em>Rassemblement des autorit\u00e9s sur la place devant nos tonnelles<\/em>.<\/li>\n\n\n\n<li>Chaque tonnelle pr\u00e9sente un de nos projets et elle est anim\u00e9e par les b\u00e9n\u00e9ficiaires.<\/li>\n\n\n\n<li>Animations pr\u00e9sent\u00e9es par les \u00e9tablissements scolaires.<\/li>\n\n\n\n<li><em>Fin du d\u00e9fil\u00e9 qui a pr\u00e9sent\u00e9 les nouveaux articles r\u00e9alis\u00e9s par Machaq Amtawi<\/em>.<\/li>\n\n\n\n<li><em>Reconnaissance et remerciements des autorit\u00e9s locales<\/em><\/li>\n<\/ul>\n\n\n\n<h3 class=\"wp-block-heading\">En France &#8211; 11 de Octobre<\/h3>\n\n\n\n<p>En France le 11 octobre verre de l\u2019amiti\u00e9 avec nos partenaires et b\u00e9n\u00e9voles: <\/p>\n\n\n\n<figure class=\"wp-block-gallery has-nested-images columns-default is-cropped wp-block-gallery-2 is-layout-flex wp-block-gallery-is-layout-flex\">\n<figure class=\"wp-block-image size-large\"><img loading=\"lazy\" decoding=\"async\" width=\"1024\" height=\"768\" data-id=\"309\" src=\"https:\/\/machakwayra.org\/mw\/wp-content\/uploads\/2026\/03\/20-ans-1-1024x768.jpeg\" alt=\"\" class=\"wp-image-309\" srcset=\"https:\/\/machakwayra.org\/mw\/wp-content\/uploads\/2026\/03\/20-ans-1-1024x768.jpeg 1024w, https:\/\/machakwayra.org\/mw\/wp-content\/uploads\/2026\/03\/20-ans-1-300x225.jpeg 300w, https:\/\/machakwayra.org\/mw\/wp-content\/uploads\/2026\/03\/20-ans-1-768x576.jpeg 768w, https:\/\/machakwayra.org\/mw\/wp-content\/uploads\/2026\/03\/20-ans-1-1536x1152.jpeg 1536w, https:\/\/machakwayra.org\/mw\/wp-content\/uploads\/2026\/03\/20-ans-1.jpeg 1600w\" sizes=\"auto, (max-width: 1024px) 100vw, 1024px\" \/><\/figure>\n\n\n\n<figure class=\"wp-block-image size-large\"><img loading=\"lazy\" decoding=\"async\" width=\"1024\" height=\"768\" data-id=\"308\" src=\"https:\/\/machakwayra.org\/mw\/wp-content\/uploads\/2026\/03\/20-ans-2-1024x768.jpeg\" alt=\"\" class=\"wp-image-308\" srcset=\"https:\/\/machakwayra.org\/mw\/wp-content\/uploads\/2026\/03\/20-ans-2-1024x768.jpeg 1024w, https:\/\/machakwayra.org\/mw\/wp-content\/uploads\/2026\/03\/20-ans-2-300x225.jpeg 300w, https:\/\/machakwayra.org\/mw\/wp-content\/uploads\/2026\/03\/20-ans-2-768x576.jpeg 768w, https:\/\/machakwayra.org\/mw\/wp-content\/uploads\/2026\/03\/20-ans-2-1536x1152.jpeg 1536w, https:\/\/machakwayra.org\/mw\/wp-content\/uploads\/2026\/03\/20-ans-2.jpeg 1600w\" sizes=\"auto, (max-width: 1024px) 100vw, 1024px\" \/><\/figure>\n\n\n\n<figure class=\"wp-block-image size-large\"><img loading=\"lazy\" decoding=\"async\" width=\"768\" height=\"1024\" data-id=\"310\" src=\"https:\/\/machakwayra.org\/mw\/wp-content\/uploads\/2026\/03\/20-ans-3-768x1024.jpeg\" alt=\"\" class=\"wp-image-310\" srcset=\"https:\/\/machakwayra.org\/mw\/wp-content\/uploads\/2026\/03\/20-ans-3-768x1024.jpeg 768w, https:\/\/machakwayra.org\/mw\/wp-content\/uploads\/2026\/03\/20-ans-3-225x300.jpeg 225w, https:\/\/machakwayra.org\/mw\/wp-content\/uploads\/2026\/03\/20-ans-3-1152x1536.jpeg 1152w, https:\/\/machakwayra.org\/mw\/wp-content\/uploads\/2026\/03\/20-ans-3.jpeg 1200w\" sizes=\"auto, (max-width: 768px) 100vw, 768px\" \/><\/figure>\n<\/figure>\n\n\n\n<p>Grande soir\u00e9e d\u2019automne le 22 novembre<\/p>\n\n\n\n<figure class=\"wp-block-gallery has-nested-images columns-default is-cropped wp-block-gallery-3 is-layout-flex wp-block-gallery-is-layout-flex\">\n<figure class=\"wp-block-image size-large\"><img loading=\"lazy\" decoding=\"async\" width=\"524\" height=\"393\" data-id=\"311\" src=\"https:\/\/machakwayra.org\/mw\/wp-content\/uploads\/2026\/03\/20-ans-4.jpg\" alt=\"\" class=\"wp-image-311\" srcset=\"https:\/\/machakwayra.org\/mw\/wp-content\/uploads\/2026\/03\/20-ans-4.jpg 524w, https:\/\/machakwayra.org\/mw\/wp-content\/uploads\/2026\/03\/20-ans-4-300x225.jpg 300w\" sizes=\"auto, (max-width: 524px) 100vw, 524px\" \/><\/figure>\n\n\n\n<figure class=\"wp-block-image size-large\"><img loading=\"lazy\" decoding=\"async\" width=\"539\" height=\"380\" data-id=\"312\" src=\"https:\/\/machakwayra.org\/mw\/wp-content\/uploads\/2026\/03\/20-ans-6.jpg\" alt=\"\" class=\"wp-image-312\" srcset=\"https:\/\/machakwayra.org\/mw\/wp-content\/uploads\/2026\/03\/20-ans-6.jpg 539w, https:\/\/machakwayra.org\/mw\/wp-content\/uploads\/2026\/03\/20-ans-6-300x212.jpg 300w\" sizes=\"auto, (max-width: 539px) 100vw, 539px\" \/><\/figure>\n\n\n\n<figure class=\"wp-block-image size-large\"><img loading=\"lazy\" decoding=\"async\" width=\"509\" height=\"382\" data-id=\"313\" src=\"https:\/\/machakwayra.org\/mw\/wp-content\/uploads\/2026\/03\/20-ans-7.jpg\" alt=\"\" class=\"wp-image-313\" srcset=\"https:\/\/machakwayra.org\/mw\/wp-content\/uploads\/2026\/03\/20-ans-7.jpg 509w, https:\/\/machakwayra.org\/mw\/wp-content\/uploads\/2026\/03\/20-ans-7-300x225.jpg 300w\" sizes=\"auto, (max-width: 509px) 100vw, 509px\" \/><\/figure>\n\n\n\n<figure class=\"wp-block-image size-large\"><img loading=\"lazy\" decoding=\"async\" width=\"1024\" height=\"259\" data-id=\"314\" src=\"https:\/\/machakwayra.org\/mw\/wp-content\/uploads\/2026\/03\/20-ans-5-1024x259.jpg\" alt=\"\" class=\"wp-image-314\" srcset=\"https:\/\/machakwayra.org\/mw\/wp-content\/uploads\/2026\/03\/20-ans-5-1024x259.jpg 1024w, https:\/\/machakwayra.org\/mw\/wp-content\/uploads\/2026\/03\/20-ans-5-300x76.jpg 300w, https:\/\/machakwayra.org\/mw\/wp-content\/uploads\/2026\/03\/20-ans-5-768x194.jpg 768w, https:\/\/machakwayra.org\/mw\/wp-content\/uploads\/2026\/03\/20-ans-5.jpg 1386w\" sizes=\"auto, (max-width: 1024px) 100vw, 1024px\" \/><\/figure>\n<\/figure>\n\n\n\n<p><\/p>\n","protected":false},"excerpt":{"rendered":"<p>2025 Macha\u2019k Wayra a f\u00eat\u00e9 ses 20 ans&nbsp;! En Bolivie le 6 septembre: G\u00e2teau d\u2019anniversaire r\u00e9alis\u00e9 par Marta. Nous f\u00eatons nos 20 ans avec toute la population de la province [&hellip;]<\/p>\n","protected":false},"author":2,"featured_media":0,"parent":0,"menu_order":0,"comment_status":"closed","ping_status":"closed","template":"","meta":{"site-sidebar-layout":"default","site-content-layout":"","ast-site-content-layout":"default","site-content-style":"default","site-sidebar-style":"default","ast-global-header-display":"","ast-banner-title-visibility":"","ast-main-header-display":"","ast-hfb-above-header-display":"","ast-hfb-below-header-display":"","ast-hfb-mobile-header-display":"","site-post-title":"","ast-breadcrumbs-content":"","ast-featured-img":"","footer-sml-layout":"","ast-disable-related-posts":"","theme-transparent-header-meta":"","adv-header-id-meta":"","stick-header-meta":"","header-above-stick-meta":"","header-main-stick-meta":"","header-below-stick-meta":"","astra-migrate-meta-layouts":"default","ast-page-background-enabled":"default","ast-page-background-meta":{"desktop":{"background-color":"var(--ast-global-color-5)","background-image":"","background-repeat":"repeat","background-position":"center center","background-size":"auto","background-attachment":"scroll","background-type":"","background-media":"","overlay-type":"","overlay-color":"","overlay-opacity":"","overlay-gradient":""},"tablet":{"background-color":"","background-image":"","background-repeat":"repeat","background-position":"center center","background-size":"auto","background-attachment":"scroll","background-type":"","background-media":"","overlay-type":"","overlay-color":"","overlay-opacity":"","overlay-gradient":""},"mobile":{"background-color":"","background-image":"","background-repeat":"repeat","background-position":"center center","background-size":"auto","background-attachment":"scroll","background-type":"","background-media":"","overlay-type":"","overlay-color":"","overlay-opacity":"","overlay-gradient":""}},"ast-content-background-meta":{"desktop":{"background-color":"var(--ast-global-color-4)","background-image":"","background-repeat":"repeat","background-position":"center center","background-size":"auto","background-attachment":"scroll","background-type":"","background-media":"","overlay-type":"","overlay-color":"","overlay-opacity":"","overlay-gradient":""},"tablet":{"background-color":"var(--ast-global-color-4)","background-image":"","background-repeat":"repeat","background-position":"center center","background-size":"auto","background-attachment":"scroll","background-type":"","background-media":"","overlay-type":"","overlay-color":"","overlay-opacity":"","overlay-gradient":""},"mobile":{"background-color":"var(--ast-global-color-4)","background-image":"","background-repeat":"repeat","background-position":"center center","background-size":"auto","background-attachment":"scroll","background-type":"","background-media":"","overlay-type":"","overlay-color":"","overlay-opacity":"","overlay-gradient":""}},"footnotes":""},"class_list":["post-236","page","type-page","status-publish","hentry"],"_links":{"self":[{"href":"https:\/\/machakwayra.org\/mw\/index.php\/wp-json\/wp\/v2\/pages\/236","targetHints":{"allow":["GET"]}}],"collection":[{"href":"https:\/\/machakwayra.org\/mw\/index.php\/wp-json\/wp\/v2\/pages"}],"about":[{"href":"https:\/\/machakwayra.org\/mw\/index.php\/wp-json\/wp\/v2\/types\/page"}],"author":[{"embeddable":true,"href":"https:\/\/machakwayra.org\/mw\/index.php\/wp-json\/wp\/v2\/users\/2"}],"replies":[{"embeddable":true,"href":"https:\/\/machakwayra.org\/mw\/index.php\/wp-json\/wp\/v2\/comments?post=236"}],"version-history":[{"count":2,"href":"https:\/\/machakwayra.org\/mw\/index.php\/wp-json\/wp\/v2\/pages\/236\/revisions"}],"predecessor-version":[{"id":315,"href":"https:\/\/machakwayra.org\/mw\/index.php\/wp-json\/wp\/v2\/pages\/236\/revisions\/315"}],"wp:attachment":[{"href":"https:\/\/machakwayra.org\/mw\/index.php\/wp-json\/wp\/v2\/media?parent=236"}],"curies":[{"name":"wp","href":"https:\/\/api.w.org\/{rel}","templated":true}]}}