{"id":264,"date":"2026-03-18T22:14:07","date_gmt":"2026-03-18T21:14:07","guid":{"rendered":"https:\/\/machakwayra.org\/mw\/?page_id=264"},"modified":"2026-03-20T14:38:32","modified_gmt":"2026-03-20T13:38:32","slug":"en-bolivie-2025","status":"publish","type":"page","link":"https:\/\/machakwayra.org\/mw\/index.php\/en-bolivie\/en-bolivie-2025\/","title":{"rendered":"Projets en Bolivie 2025"},"content":{"rendered":"\n<h3 class=\"wp-block-heading\">1. Projet d\u2019\u00e9quipement sanitaire pour le coll\u00e8ge \u00ab&nbsp;Litoral&nbsp;\u00bb<\/h3>\n\n\n\n<p>Le coll\u00e8ge de Santiago de Machaca qui a plus de 60 ans, n\u2019a pas d\u2019\u00e9quipement sanitaire correcte pour les 200 \u00e9l\u00e8ves qui le c\u00f4toient tous les jours. Le conseil \u00e9ducatif, compos\u00e9 de parents d\u2019\u00e9l\u00e8ves, nous a fait une demande d\u2019\u00e9quipement. Il a pr\u00e9par\u00e9 un dossier complet et se charge de la construction ; la mairie s\u2019occupe du transport. Le d\u00e9marrage des travaux a eu lieu fin mai. Le temps a pass\u00e9 vite, et le toit n\u2019a \u00e9t\u00e9 pos\u00e9 que fin ao\u00fbt.<\/p>\n\n\n\n<figure class=\"wp-block-gallery has-nested-images columns-default is-cropped wp-block-gallery-1 is-layout-flex wp-block-gallery-is-layout-flex\">\n<figure class=\"wp-block-image size-large\"><img loading=\"lazy\" decoding=\"async\" width=\"772\" height=\"347\" data-id=\"267\" src=\"https:\/\/machakwayra.org\/mw\/wp-content\/uploads\/2026\/03\/Projets-2025-1.jpg\" alt=\"\" class=\"wp-image-267\" srcset=\"https:\/\/machakwayra.org\/mw\/wp-content\/uploads\/2026\/03\/Projets-2025-1.jpg 772w, https:\/\/machakwayra.org\/mw\/wp-content\/uploads\/2026\/03\/Projets-2025-1-300x135.jpg 300w, https:\/\/machakwayra.org\/mw\/wp-content\/uploads\/2026\/03\/Projets-2025-1-768x345.jpg 768w\" sizes=\"auto, (max-width: 772px) 100vw, 772px\" \/><\/figure>\n\n\n\n<figure class=\"wp-block-image size-large\"><img loading=\"lazy\" decoding=\"async\" width=\"390\" height=\"520\" data-id=\"266\" src=\"https:\/\/machakwayra.org\/mw\/wp-content\/uploads\/2026\/03\/Projets-2025-2.jpg\" alt=\"\" class=\"wp-image-266\" srcset=\"https:\/\/machakwayra.org\/mw\/wp-content\/uploads\/2026\/03\/Projets-2025-2.jpg 390w, https:\/\/machakwayra.org\/mw\/wp-content\/uploads\/2026\/03\/Projets-2025-2-225x300.jpg 225w\" sizes=\"auto, (max-width: 390px) 100vw, 390px\" \/><\/figure>\n\n\n\n<figure class=\"wp-block-image size-large\"><img loading=\"lazy\" decoding=\"async\" width=\"690\" height=\"518\" data-id=\"268\" src=\"https:\/\/machakwayra.org\/mw\/wp-content\/uploads\/2026\/03\/Projets-2025-3.jpg\" alt=\"\" class=\"wp-image-268\" srcset=\"https:\/\/machakwayra.org\/mw\/wp-content\/uploads\/2026\/03\/Projets-2025-3.jpg 690w, https:\/\/machakwayra.org\/mw\/wp-content\/uploads\/2026\/03\/Projets-2025-3-300x225.jpg 300w\" sizes=\"auto, (max-width: 690px) 100vw, 690px\" \/><\/figure>\n<\/figure>\n\n\n\n<p>Une fois le gros \u0153uvre termin\u00e9 et press\u00e9 par nos d\u00e9lais, les membres du conseil ont acc\u00e9l\u00e9r\u00e9 le rythme. Une premi\u00e8re c\u00e9r\u00e9monie a eu lieu le 19 octobre pour remercier l\u2019association repr\u00e9sent\u00e9e par Pancho juste avant son retour en France. Les travaux sont enfin termin\u00e9s et l\u2019inauguration officielle a eu lieu le 13 novembre en pr\u00e9sence de Benigna et des diff\u00e9rentes autorit\u00e9s. <\/p>\n\n\n\n<p>Le projet est <strong>financ\u00e9 par l\u2019association Aleaugemeau avec le soutien financier de l\u2019Agence de l\u2019Eau Grand Est pour une somme de 15 000 \u20ac.<\/strong><\/p>\n\n\n\n<h3 class=\"wp-block-heading\"><strong>2. <u>\u00ab&nbsp;Cultiver l\u2019autonomie alimentaire&nbsp;\u00bb<\/u><\/strong><\/h3>\n\n\n\n<p>Depuis quelques ann\u00e9es des demandes d\u2019aide \u00e0 la construction de walipinis maraich\u00e8res portent surtout sur des r\u00e9parations de walipinis qui ont plus de 10 ans et sont abim\u00e9es par les intemp\u00e9ries en particulier.<\/p>\n\n\n\n<p>Nous avons aid\u00e9 \u00e0 la remise en \u00e9tat de 2 walipinis au coll\u00e8ge de Pairumani, des walipinis des \u00e9coles primaires de Chocorosi et de Villa Exaltaci\u03ccn. Les conseils \u00e9ducatifs de ces unit\u00e9s scolaires \u00e9taient ravis de pouvoir profiter des l\u00e9gumes, qu\u2019ils feront pousser avec les enfants, pour le repas quotidien de la cantine.<\/p>\n\n\n\n<p>Nous avons aid\u00e9 \u00e0 la construction de walipinis familiales&nbsp;: \u00e0 Choquechilliwa, Guarachi, Quelca et Tarujamaya. En ces temps de difficult\u00e9s \u00e9conomiques en Bolivie, les familles sont ravies de pouvoir compter sur ces l\u00e9gumes frais.<\/p>\n\n\n\n<p>Pour ce projet, nous avons obtenu <strong>la Bourse aux Projets attribu\u00e9e par Humanis d\u2019un montant de 2&nbsp;000\u20ac.<\/strong><\/p>\n\n\n\n<figure class=\"wp-block-gallery has-nested-images columns-default is-cropped wp-block-gallery-2 is-layout-flex wp-block-gallery-is-layout-flex\">\n<figure class=\"wp-block-image size-large\"><img loading=\"lazy\" decoding=\"async\" width=\"625\" height=\"352\" data-id=\"270\" src=\"https:\/\/machakwayra.org\/mw\/wp-content\/uploads\/2026\/03\/Projets-2025-B1.jpg\" alt=\"\" class=\"wp-image-270\" srcset=\"https:\/\/machakwayra.org\/mw\/wp-content\/uploads\/2026\/03\/Projets-2025-B1.jpg 625w, https:\/\/machakwayra.org\/mw\/wp-content\/uploads\/2026\/03\/Projets-2025-B1-300x169.jpg 300w\" sizes=\"auto, (max-width: 625px) 100vw, 625px\" \/><\/figure>\n\n\n\n<figure class=\"wp-block-image size-large\"><img loading=\"lazy\" decoding=\"async\" width=\"429\" height=\"241\" data-id=\"269\" src=\"https:\/\/machakwayra.org\/mw\/wp-content\/uploads\/2026\/03\/Projets-2025-B2.jpg\" alt=\"\" class=\"wp-image-269\" srcset=\"https:\/\/machakwayra.org\/mw\/wp-content\/uploads\/2026\/03\/Projets-2025-B2.jpg 429w, https:\/\/machakwayra.org\/mw\/wp-content\/uploads\/2026\/03\/Projets-2025-B2-300x169.jpg 300w\" sizes=\"auto, (max-width: 429px) 100vw, 429px\" \/><\/figure>\n\n\n\n<figure class=\"wp-block-image size-large\"><img loading=\"lazy\" decoding=\"async\" width=\"389\" height=\"355\" data-id=\"271\" src=\"https:\/\/machakwayra.org\/mw\/wp-content\/uploads\/2026\/03\/Projets-2025-B4.png\" alt=\"\" class=\"wp-image-271\" srcset=\"https:\/\/machakwayra.org\/mw\/wp-content\/uploads\/2026\/03\/Projets-2025-B4.png 389w, https:\/\/machakwayra.org\/mw\/wp-content\/uploads\/2026\/03\/Projets-2025-B4-300x274.png 300w\" sizes=\"auto, (max-width: 389px) 100vw, 389px\" \/><\/figure>\n\n\n\n<figure class=\"wp-block-image size-large\"><img loading=\"lazy\" decoding=\"async\" width=\"679\" height=\"510\" data-id=\"272\" src=\"https:\/\/machakwayra.org\/mw\/wp-content\/uploads\/2026\/03\/Projets-2025-B3.jpg\" alt=\"\" class=\"wp-image-272\" srcset=\"https:\/\/machakwayra.org\/mw\/wp-content\/uploads\/2026\/03\/Projets-2025-B3.jpg 679w, https:\/\/machakwayra.org\/mw\/wp-content\/uploads\/2026\/03\/Projets-2025-B3-300x225.jpg 300w\" sizes=\"auto, (max-width: 679px) 100vw, 679px\" \/><\/figure>\n<\/figure>\n\n\n\n<h3 class=\"wp-block-heading\"><strong>3. <u>Distribution de mat\u00e9riel scolaire et d\u2019hygi\u00e8ne<\/u><\/strong><\/h3>\n\n\n\n<p>Pendant 2 jours, les scouts ont pr\u00e9par\u00e9 avec Benigna, notre coordinatrice de projets, 900 packs scolaires. Ils ont montr\u00e9 une grande efficacit\u00e9. Comme les 2 ann\u00e9es pr\u00e9c\u00e9dentes, le mat\u00e9riel scolaire et d\u2019hygi\u00e8ne a \u00e9t\u00e9 pr\u00e9par\u00e9 dans des sacs en tissu, confectionn\u00e9s par l\u2019association artisanale locale Macha\u2019q Amatawi. Le logo est naturellement celui de nos 20 ans.<\/p>\n\n\n\n<p>Nous avons observ\u00e9 que ces sacs sont souvent utilis\u00e9s \u00e0 d\u2019autres fins comme les achats quotidiens des familles. Dans certaines \u00e9coles, ils s\u2019en servent pour y mettre les affaires d\u2019hygi\u00e8ne comme le savon et la brosse \u00e0 dents. La distribution des sacs scolaires a \u00e9t\u00e9 faite par les scouts entre le 4 et le 6 ao\u00fbt dans les 25 \u00e9coles et coll\u00e8ges de la province.<\/p>\n\n\n\n<p>Chaque pack scolaire (mat\u00e9riel et sac) a co\u00fbt\u00e9 4,63 \u20ac. L\u2019association a enti\u00e8rement financ\u00e9 ce projet.<\/p>\n\n\n\n<figure class=\"wp-block-gallery has-nested-images columns-default is-cropped wp-block-gallery-3 is-layout-flex wp-block-gallery-is-layout-flex\">\n<figure class=\"wp-block-image size-large\"><img loading=\"lazy\" decoding=\"async\" width=\"628\" height=\"353\" data-id=\"273\" src=\"https:\/\/machakwayra.org\/mw\/wp-content\/uploads\/2026\/03\/Projets-2025-C1.jpg\" alt=\"\" class=\"wp-image-273\" srcset=\"https:\/\/machakwayra.org\/mw\/wp-content\/uploads\/2026\/03\/Projets-2025-C1.jpg 628w, https:\/\/machakwayra.org\/mw\/wp-content\/uploads\/2026\/03\/Projets-2025-C1-300x169.jpg 300w\" sizes=\"auto, (max-width: 628px) 100vw, 628px\" \/><\/figure>\n\n\n\n<figure class=\"wp-block-image size-large\"><img loading=\"lazy\" decoding=\"async\" width=\"629\" height=\"353\" data-id=\"274\" src=\"https:\/\/machakwayra.org\/mw\/wp-content\/uploads\/2026\/03\/Projets-2025-C2.jpg\" alt=\"\" class=\"wp-image-274\" srcset=\"https:\/\/machakwayra.org\/mw\/wp-content\/uploads\/2026\/03\/Projets-2025-C2.jpg 629w, https:\/\/machakwayra.org\/mw\/wp-content\/uploads\/2026\/03\/Projets-2025-C2-300x168.jpg 300w\" sizes=\"auto, (max-width: 629px) 100vw, 629px\" \/><\/figure>\n\n\n\n<figure class=\"wp-block-image size-large\"><img loading=\"lazy\" decoding=\"async\" width=\"629\" height=\"353\" data-id=\"276\" src=\"https:\/\/machakwayra.org\/mw\/wp-content\/uploads\/2026\/03\/Projets-2025-C3.jpg\" alt=\"\" class=\"wp-image-276\" srcset=\"https:\/\/machakwayra.org\/mw\/wp-content\/uploads\/2026\/03\/Projets-2025-C3.jpg 629w, https:\/\/machakwayra.org\/mw\/wp-content\/uploads\/2026\/03\/Projets-2025-C3-300x168.jpg 300w\" sizes=\"auto, (max-width: 629px) 100vw, 629px\" \/><\/figure>\n\n\n\n<figure class=\"wp-block-image size-large\"><img loading=\"lazy\" decoding=\"async\" width=\"636\" height=\"348\" data-id=\"275\" src=\"https:\/\/machakwayra.org\/mw\/wp-content\/uploads\/2026\/03\/Projets-2025-C4.jpg\" alt=\"\" class=\"wp-image-275\" srcset=\"https:\/\/machakwayra.org\/mw\/wp-content\/uploads\/2026\/03\/Projets-2025-C4.jpg 636w, https:\/\/machakwayra.org\/mw\/wp-content\/uploads\/2026\/03\/Projets-2025-C4-300x164.jpg 300w\" sizes=\"auto, (max-width: 636px) 100vw, 636px\" \/><\/figure>\n<\/figure>\n\n\n\n<h3 class=\"wp-block-heading\">4. Equipement de 4 cantines scolaires<\/h3>\n\n\n\n<p>Plusieurs unit\u00e9s \u00e9ducatives ont construit une cantine pour am\u00e9liorer les conditions d\u2019alimentation des \u00e9l\u00e8ves, qui, jusqu\u2019\u00e0 pr\u00e9sent, mangeaient dehors, en tout temps. Une \u00e9cole et 3 coll\u00e8ges nous ont demand\u00e9 de les \u00e9quiper en tables et bancs. Il a certes fallu attendre 3 mois pour avoir ce mat\u00e9riel, car les conditions sont particuli\u00e8rement difficiles en Bolivie actuellement.<\/p>\n\n\n\n<p>Ce projet a pu \u00eatre r\u00e9alis\u00e9 gr\u00e2ce \u00e0 l\u2019aide financi\u00e8re de notre partenaire, <strong>l\u2019association Terre sans Fronti\u00e8re \u00e0 hauteur de 2 000 \u20ac.<\/strong><\/p>\n\n\n\n<figure class=\"wp-block-gallery has-nested-images columns-default is-cropped wp-block-gallery-4 is-layout-flex wp-block-gallery-is-layout-flex\">\n<figure class=\"wp-block-image size-large\"><img loading=\"lazy\" decoding=\"async\" width=\"770\" height=\"346\" data-id=\"278\" src=\"https:\/\/machakwayra.org\/mw\/wp-content\/uploads\/2026\/03\/Projets-2025-D1.jpg\" alt=\"\" class=\"wp-image-278\" srcset=\"https:\/\/machakwayra.org\/mw\/wp-content\/uploads\/2026\/03\/Projets-2025-D1.jpg 770w, https:\/\/machakwayra.org\/mw\/wp-content\/uploads\/2026\/03\/Projets-2025-D1-300x135.jpg 300w, https:\/\/machakwayra.org\/mw\/wp-content\/uploads\/2026\/03\/Projets-2025-D1-768x345.jpg 768w\" sizes=\"auto, (max-width: 770px) 100vw, 770px\" \/><\/figure>\n\n\n\n<figure class=\"wp-block-image size-large\"><img loading=\"lazy\" decoding=\"async\" width=\"629\" height=\"353\" data-id=\"279\" src=\"https:\/\/machakwayra.org\/mw\/wp-content\/uploads\/2026\/03\/Projets-2025-D2.jpg\" alt=\"\" class=\"wp-image-279\" srcset=\"https:\/\/machakwayra.org\/mw\/wp-content\/uploads\/2026\/03\/Projets-2025-D2.jpg 629w, https:\/\/machakwayra.org\/mw\/wp-content\/uploads\/2026\/03\/Projets-2025-D2-300x168.jpg 300w\" sizes=\"auto, (max-width: 629px) 100vw, 629px\" \/><\/figure>\n\n\n\n<figure class=\"wp-block-image size-large\"><img loading=\"lazy\" decoding=\"async\" width=\"340\" height=\"153\" data-id=\"277\" src=\"https:\/\/machakwayra.org\/mw\/wp-content\/uploads\/2026\/03\/Projets-2025-D3.jpg\" alt=\"\" class=\"wp-image-277\" srcset=\"https:\/\/machakwayra.org\/mw\/wp-content\/uploads\/2026\/03\/Projets-2025-D3.jpg 340w, https:\/\/machakwayra.org\/mw\/wp-content\/uploads\/2026\/03\/Projets-2025-D3-300x135.jpg 300w\" sizes=\"auto, (max-width: 340px) 100vw, 340px\" \/><\/figure>\n<\/figure>\n\n\n\n<h3 class=\"wp-block-heading\"><strong>5. <u>Equipement du centre social de Pallallcollo<\/u><\/strong><\/h3>\n\n\n\n<p>Les habitants de ce petit village ont construit un centre social qui leur permet de se r\u00e9unir \u00e0 diverses occasions et d\u2019inviter les habitants des villages environnants pour partager des moments d\u2019\u00e9changes.&nbsp;Ils nous ont demand\u00e9 de leur fournir des chaises pour ces rencontres.<\/p>\n\n\n\n<p>L\u2019association a enti\u00e8rement financ\u00e9 ce projet.<\/p>\n\n\n\n<figure class=\"wp-block-gallery has-nested-images columns-default is-cropped wp-block-gallery-5 is-layout-flex wp-block-gallery-is-layout-flex\">\n<figure class=\"wp-block-image size-large\"><img loading=\"lazy\" decoding=\"async\" width=\"556\" height=\"353\" data-id=\"280\" src=\"https:\/\/machakwayra.org\/mw\/wp-content\/uploads\/2026\/03\/Projets-2025-E1.jpg\" alt=\"\" class=\"wp-image-280\" srcset=\"https:\/\/machakwayra.org\/mw\/wp-content\/uploads\/2026\/03\/Projets-2025-E1.jpg 556w, https:\/\/machakwayra.org\/mw\/wp-content\/uploads\/2026\/03\/Projets-2025-E1-300x190.jpg 300w\" sizes=\"auto, (max-width: 556px) 100vw, 556px\" \/><\/figure>\n\n\n\n<figure class=\"wp-block-image size-large\"><img loading=\"lazy\" decoding=\"async\" width=\"629\" height=\"353\" data-id=\"281\" src=\"https:\/\/machakwayra.org\/mw\/wp-content\/uploads\/2026\/03\/Projets-2025-E2.jpg\" alt=\"\" class=\"wp-image-281\" srcset=\"https:\/\/machakwayra.org\/mw\/wp-content\/uploads\/2026\/03\/Projets-2025-E2.jpg 629w, https:\/\/machakwayra.org\/mw\/wp-content\/uploads\/2026\/03\/Projets-2025-E2-300x168.jpg 300w\" sizes=\"auto, (max-width: 629px) 100vw, 629px\" \/><\/figure>\n\n\n\n<figure class=\"wp-block-image size-large\"><img loading=\"lazy\" decoding=\"async\" width=\"673\" height=\"354\" data-id=\"282\" src=\"https:\/\/machakwayra.org\/mw\/wp-content\/uploads\/2026\/03\/Projets-2025-E3.jpg\" alt=\"\" class=\"wp-image-282\" srcset=\"https:\/\/machakwayra.org\/mw\/wp-content\/uploads\/2026\/03\/Projets-2025-E3.jpg 673w, https:\/\/machakwayra.org\/mw\/wp-content\/uploads\/2026\/03\/Projets-2025-E3-300x158.jpg 300w\" sizes=\"auto, (max-width: 673px) 100vw, 673px\" \/><\/figure>\n<\/figure>\n\n\n\n<h3 class=\"wp-block-heading\">6. Les activit\u00e9s au centre socioculturel<\/h3>\n\n\n\n<p>Le centre socioculturel fonctionne toute l\u2019ann\u00e9e et les jeunes enfants sont tr\u00e8s enthousiastes \u00e0 l\u2019id\u00e9e de le fr\u00e9quenter r\u00e9guli\u00e8rement les apr\u00e8s-midis. Ce sont surtout des enfants de 5 \u00e0 12 ans. Durant leur s\u00e9jour \u00e0 Santiago les scouts y ont organis\u00e9 diff\u00e9rentes activit\u00e9s&nbsp;: bricolages, jeux d\u2019int\u00e9rieur et d\u2019ext\u00e9rieur, ateliers \u00ab&nbsp;cr\u00eapes&nbsp;\u00bb, confection de foulards \u00ab&nbsp;scouts&nbsp;\u00bb.<\/p>\n\n\n\n<figure class=\"wp-block-gallery has-nested-images columns-default is-cropped wp-block-gallery-6 is-layout-flex wp-block-gallery-is-layout-flex\">\n<figure class=\"wp-block-image size-large\"><img loading=\"lazy\" decoding=\"async\" width=\"325\" height=\"433\" data-id=\"283\" src=\"https:\/\/machakwayra.org\/mw\/wp-content\/uploads\/2026\/03\/Projets-2025-F1.jpg\" alt=\"\" class=\"wp-image-283\" srcset=\"https:\/\/machakwayra.org\/mw\/wp-content\/uploads\/2026\/03\/Projets-2025-F1.jpg 325w, https:\/\/machakwayra.org\/mw\/wp-content\/uploads\/2026\/03\/Projets-2025-F1-225x300.jpg 225w\" sizes=\"auto, (max-width: 325px) 100vw, 325px\" \/><\/figure>\n\n\n\n<figure class=\"wp-block-image size-large\"><img loading=\"lazy\" decoding=\"async\" width=\"747\" height=\"420\" data-id=\"284\" src=\"https:\/\/machakwayra.org\/mw\/wp-content\/uploads\/2026\/03\/Projets-2025-F2.jpg\" alt=\"\" class=\"wp-image-284\" srcset=\"https:\/\/machakwayra.org\/mw\/wp-content\/uploads\/2026\/03\/Projets-2025-F2.jpg 747w, https:\/\/machakwayra.org\/mw\/wp-content\/uploads\/2026\/03\/Projets-2025-F2-300x169.jpg 300w\" sizes=\"auto, (max-width: 747px) 100vw, 747px\" \/><\/figure>\n<\/figure>\n\n\n\n<p><strong><u>7 \u2013 Projet environnement du comit\u00e9 des \u00e9tudiants du coll\u00e8ge de Santiago<\/u><\/strong><\/p>\n\n\n\n<p>Ce comit\u00e9 d\u2019\u00e9tudiants, en place depuis deux ans, \u0153uvre au sein du coll\u00e8ge et pr\u00e9pare divers projets. Ils nous ont demand\u00e9 une aide financi\u00e8re pour un projet sur la sensibilisation \u00e0 l\u2019environnement. Nous leur avons fourni des poubelles de couleurs diff\u00e9rentes pour faire le tri des d\u00e9chets. Pour ce projet, ils se sont adress\u00e9s \u00e0 la mairie et au centre de sant\u00e9 pour que des professionnels interviennent r\u00e9guli\u00e8rement et organisent des ateliers de sensibilisation.<\/p>\n\n\n\n<p>L\u2019association a financ\u00e9 enti\u00e8rement ce projet.<\/p>\n\n\n\n<figure class=\"wp-block-image size-full is-resized\"><img loading=\"lazy\" decoding=\"async\" width=\"968\" height=\"436\" src=\"https:\/\/machakwayra.org\/mw\/wp-content\/uploads\/2026\/03\/Projets-2025-G1.jpg\" alt=\"\" class=\"wp-image-285\" style=\"width:755px;height:auto\" srcset=\"https:\/\/machakwayra.org\/mw\/wp-content\/uploads\/2026\/03\/Projets-2025-G1.jpg 968w, https:\/\/machakwayra.org\/mw\/wp-content\/uploads\/2026\/03\/Projets-2025-G1-300x135.jpg 300w, https:\/\/machakwayra.org\/mw\/wp-content\/uploads\/2026\/03\/Projets-2025-G1-768x346.jpg 768w\" sizes=\"auto, (max-width: 968px) 100vw, 968px\" \/><\/figure>\n\n\n\n<h3 class=\"wp-block-heading\"><strong><u>9. Diverses aides de derni\u00e8re minute<\/u><\/strong><\/h3>\n\n\n\n<ul class=\"wp-block-list\">\n<li>Un toit pour abriter le four utilis\u00e9 pour les cours de gastronomie du Centre d\u2019Education Alternative.&nbsp;<\/li>\n<\/ul>\n\n\n\n<figure class=\"wp-block-image size-full is-resized\"><img loading=\"lazy\" decoding=\"async\" width=\"861\" height=\"433\" src=\"https:\/\/machakwayra.org\/mw\/wp-content\/uploads\/2026\/03\/Projets-2025-H1.jpg\" alt=\"\" class=\"wp-image-286\" style=\"aspect-ratio:1.9884958557905703;width:755px;height:auto\" srcset=\"https:\/\/machakwayra.org\/mw\/wp-content\/uploads\/2026\/03\/Projets-2025-H1.jpg 861w, https:\/\/machakwayra.org\/mw\/wp-content\/uploads\/2026\/03\/Projets-2025-H1-300x151.jpg 300w, https:\/\/machakwayra.org\/mw\/wp-content\/uploads\/2026\/03\/Projets-2025-H1-768x386.jpg 768w\" sizes=\"auto, (max-width: 861px) 100vw, 861px\" \/><\/figure>\n\n\n\n<ul class=\"wp-block-list\">\n<li>\u00c9quipement de sanitaires construits par le conseil \u00e9ducatif de l\u2019\u00e9cole centrale de Santiago pour les professeurs log\u00e9s par la municipalit\u00e9.<\/li>\n<\/ul>\n\n\n\n<h3 class=\"wp-block-heading\"><strong><u>Remerciements<\/u><\/strong><\/h3>\n\n\n\n<p>Nous remercions sinc\u00e8rement nos donateurs et nos partenaires pour leur aide g\u00e9n\u00e9reuse.<\/p>\n\n\n\n<figure class=\"wp-block-image aligncenter size-full\"><img loading=\"lazy\" decoding=\"async\" width=\"273\" height=\"73\" src=\"https:\/\/machakwayra.org\/mw\/wp-content\/uploads\/2026\/03\/Logos-1-1.jpg\" alt=\"\" class=\"wp-image-295\"\/><\/figure>\n\n\n\n<figure class=\"wp-block-image aligncenter size-large\"><img loading=\"lazy\" decoding=\"async\" width=\"175\" height=\"175\" src=\"https:\/\/machakwayra.org\/mw\/wp-content\/uploads\/2026\/03\/Logos-2-1.jpg\" alt=\"\" class=\"wp-image-296\" srcset=\"https:\/\/machakwayra.org\/mw\/wp-content\/uploads\/2026\/03\/Logos-2-1.jpg 175w, https:\/\/machakwayra.org\/mw\/wp-content\/uploads\/2026\/03\/Logos-2-1-150x150.jpg 150w\" sizes=\"auto, (max-width: 175px) 100vw, 175px\" \/><\/figure>\n\n\n\n<figure class=\"wp-block-image aligncenter size-large\"><img loading=\"lazy\" decoding=\"async\" width=\"261\" height=\"126\" src=\"https:\/\/machakwayra.org\/mw\/wp-content\/uploads\/2026\/03\/Logos-3-1.jpg\" alt=\"\" class=\"wp-image-298\"\/><\/figure>\n\n\n\n<figure class=\"wp-block-image aligncenter size-full\"><img loading=\"lazy\" decoding=\"async\" width=\"221\" height=\"45\" src=\"https:\/\/machakwayra.org\/mw\/wp-content\/uploads\/2026\/03\/Logos-5-1.jpg\" alt=\"\" class=\"wp-image-299\"\/><\/figure>\n\n\n\n<figure class=\"wp-block-image aligncenter size-full is-resized\"><img loading=\"lazy\" decoding=\"async\" width=\"803\" height=\"752\" src=\"https:\/\/machakwayra.org\/mw\/wp-content\/uploads\/2026\/03\/Logos-4-2.jpg\" alt=\"\" class=\"wp-image-300\" style=\"aspect-ratio:1.0678844296127163;width:171px;height:auto\" srcset=\"https:\/\/machakwayra.org\/mw\/wp-content\/uploads\/2026\/03\/Logos-4-2.jpg 803w, https:\/\/machakwayra.org\/mw\/wp-content\/uploads\/2026\/03\/Logos-4-2-300x281.jpg 300w, https:\/\/machakwayra.org\/mw\/wp-content\/uploads\/2026\/03\/Logos-4-2-768x719.jpg 768w\" sizes=\"auto, (max-width: 803px) 100vw, 803px\" \/><\/figure>\n\n\n\n<figure class=\"wp-block-image aligncenter size-full\"><img loading=\"lazy\" decoding=\"async\" width=\"84\" height=\"149\" src=\"https:\/\/machakwayra.org\/mw\/wp-content\/uploads\/2026\/03\/Logos-6-1.jpg\" alt=\"\" class=\"wp-image-301\"\/><\/figure>\n\n\n\n<figure class=\"wp-block-image aligncenter size-full is-resized\"><img loading=\"lazy\" decoding=\"async\" width=\"365\" height=\"493\" src=\"https:\/\/machakwayra.org\/mw\/wp-content\/uploads\/2026\/03\/Logos-7-1.jpg\" alt=\"\" class=\"wp-image-302\" style=\"width:172px;height:auto\" srcset=\"https:\/\/machakwayra.org\/mw\/wp-content\/uploads\/2026\/03\/Logos-7-1.jpg 365w, https:\/\/machakwayra.org\/mw\/wp-content\/uploads\/2026\/03\/Logos-7-1-222x300.jpg 222w\" sizes=\"auto, (max-width: 365px) 100vw, 365px\" \/><\/figure>\n\n\n\n<figure class=\"wp-block-image aligncenter size-full\"><img loading=\"lazy\" decoding=\"async\" width=\"148\" height=\"73\" src=\"https:\/\/machakwayra.org\/mw\/wp-content\/uploads\/2026\/03\/Logos-8-1.jpg\" alt=\"\" class=\"wp-image-303\"\/><\/figure>\n","protected":false},"excerpt":{"rendered":"<p>1. Projet d\u2019\u00e9quipement sanitaire pour le coll\u00e8ge \u00ab&nbsp;Litoral&nbsp;\u00bb Le coll\u00e8ge de Santiago de Machaca qui a plus de 60 ans, n\u2019a pas d\u2019\u00e9quipement sanitaire correcte pour les 200 \u00e9l\u00e8ves qui [&hellip;]<\/p>\n","protected":false},"author":2,"featured_media":0,"parent":321,"menu_order":0,"comment_status":"closed","ping_status":"closed","template":"","meta":{"site-sidebar-layout":"default","site-content-layout":"","ast-site-content-layout":"default","site-content-style":"default","site-sidebar-style":"default","ast-global-header-display":"","ast-banner-title-visibility":"","ast-main-header-display":"","ast-hfb-above-header-display":"","ast-hfb-below-header-display":"","ast-hfb-mobile-header-display":"","site-post-title":"","ast-breadcrumbs-content":"","ast-featured-img":"","footer-sml-layout":"","ast-disable-related-posts":"","theme-transparent-header-meta":"","adv-header-id-meta":"","stick-header-meta":"","header-above-stick-meta":"","header-main-stick-meta":"","header-below-stick-meta":"","astra-migrate-meta-layouts":"default","ast-page-background-enabled":"default","ast-page-background-meta":{"desktop":{"background-color":"var(--ast-global-color-5)","background-image":"","background-repeat":"repeat","background-position":"center center","background-size":"auto","background-attachment":"scroll","background-type":"","background-media":"","overlay-type":"","overlay-color":"","overlay-opacity":"","overlay-gradient":""},"tablet":{"background-color":"","background-image":"","background-repeat":"repeat","background-position":"center center","background-size":"auto","background-attachment":"scroll","background-type":"","background-media":"","overlay-type":"","overlay-color":"","overlay-opacity":"","overlay-gradient":""},"mobile":{"background-color":"","background-image":"","background-repeat":"repeat","background-position":"center center","background-size":"auto","background-attachment":"scroll","background-type":"","background-media":"","overlay-type":"","overlay-color":"","overlay-opacity":"","overlay-gradient":""}},"ast-content-background-meta":{"desktop":{"background-color":"var(--ast-global-color-4)","background-image":"","background-repeat":"repeat","background-position":"center center","background-size":"auto","background-attachment":"scroll","background-type":"","background-media":"","overlay-type":"","overlay-color":"","overlay-opacity":"","overlay-gradient":""},"tablet":{"background-color":"var(--ast-global-color-4)","background-image":"","background-repeat":"repeat","background-position":"center center","background-size":"auto","background-attachment":"scroll","background-type":"","background-media":"","overlay-type":"","overlay-color":"","overlay-opacity":"","overlay-gradient":""},"mobile":{"background-color":"var(--ast-global-color-4)","background-image":"","background-repeat":"repeat","background-position":"center center","background-size":"auto","background-attachment":"scroll","background-type":"","background-media":"","overlay-type":"","overlay-color":"","overlay-opacity":"","overlay-gradient":""}},"footnotes":""},"class_list":["post-264","page","type-page","status-publish","hentry"],"_links":{"self":[{"href":"https:\/\/machakwayra.org\/mw\/index.php\/wp-json\/wp\/v2\/pages\/264","targetHints":{"allow":["GET"]}}],"collection":[{"href":"https:\/\/machakwayra.org\/mw\/index.php\/wp-json\/wp\/v2\/pages"}],"about":[{"href":"https:\/\/machakwayra.org\/mw\/index.php\/wp-json\/wp\/v2\/types\/page"}],"author":[{"embeddable":true,"href":"https:\/\/machakwayra.org\/mw\/index.php\/wp-json\/wp\/v2\/users\/2"}],"replies":[{"embeddable":true,"href":"https:\/\/machakwayra.org\/mw\/index.php\/wp-json\/wp\/v2\/comments?post=264"}],"version-history":[{"count":5,"href":"https:\/\/machakwayra.org\/mw\/index.php\/wp-json\/wp\/v2\/pages\/264\/revisions"}],"predecessor-version":[{"id":316,"href":"https:\/\/machakwayra.org\/mw\/index.php\/wp-json\/wp\/v2\/pages\/264\/revisions\/316"}],"up":[{"embeddable":true,"href":"https:\/\/machakwayra.org\/mw\/index.php\/wp-json\/wp\/v2\/pages\/321"}],"wp:attachment":[{"href":"https:\/\/machakwayra.org\/mw\/index.php\/wp-json\/wp\/v2\/media?parent=264"}],"curies":[{"name":"wp","href":"https:\/\/api.w.org\/{rel}","templated":true}]}}