{"id":28,"date":"2025-09-07T19:08:23","date_gmt":"2025-09-07T19:08:23","guid":{"rendered":"http:\/\/machakwayra.org\/mw\/?page_id=28"},"modified":"2026-04-15T19:39:44","modified_gmt":"2026-04-15T17:39:44","slug":"qui-sommes-nous","status":"publish","type":"page","link":"https:\/\/machakwayra.org\/mw\/","title":{"rendered":"Qui sommes-nous ?"},"content":{"rendered":"\n<figure class=\"wp-block-image alignwide size-large\"><img loading=\"lazy\" decoding=\"async\" width=\"1024\" height=\"576\" src=\"http:\/\/machakwayra.org\/mw\/wp-content\/uploads\/2025\/09\/naeF_04_Halles-du-Schilt-1024x576.jpg\" alt=\"\" class=\"wp-image-72\" srcset=\"https:\/\/machakwayra.org\/mw\/wp-content\/uploads\/2025\/09\/naeF_04_Halles-du-Schilt-1024x576.jpg 1024w, https:\/\/machakwayra.org\/mw\/wp-content\/uploads\/2025\/09\/naeF_04_Halles-du-Schilt-300x169.jpg 300w, https:\/\/machakwayra.org\/mw\/wp-content\/uploads\/2025\/09\/naeF_04_Halles-du-Schilt-768x432.jpg 768w, https:\/\/machakwayra.org\/mw\/wp-content\/uploads\/2025\/09\/naeF_04_Halles-du-Schilt-1536x864.jpg 1536w, https:\/\/machakwayra.org\/mw\/wp-content\/uploads\/2025\/09\/naeF_04_Halles-du-Schilt.jpg 2016w\" sizes=\"auto, (max-width: 1024px) 100vw, 1024px\" \/><\/figure>\n\n\n\n<p>Macha\u2019k Wayra signifie <em>vent nouveau<\/em> en aymara, langue parl\u00e9e dans les hauts plateaux boliviens.<\/p>\n\n\n\n<p>L\u2019association a \u00e9t\u00e9 cr\u00e9\u00e9e en avril 2005 dans le cadre de partenariat entre boliviens et fran\u00e7ais pour venir en aide \u00e0 la population de la province Jos\u00e9 Manuel Pando.&nbsp;<\/p>\n\n\n\n<p>L\u2019association a un si\u00e8ge en France \u00e0 Strasbourg et en Bolivie \u00e0 Santiago de Machaca, capitale de la province.<\/p>\n\n\n\n<p>Le sigle de l\u2019association repr\u00e9sente une cigogne qui symbolise la partie alsacienne et une vigogne, un cam\u00e9lid\u00e9 vivant sur les hauts plateaux andins.<\/p>\n\n\n\n<p><strong>Nos engagements<\/strong><\/p>\n\n\n\n<ul class=\"wp-block-list\">\n<li>Soutenir des projets \u00e9manant de la population<\/li>\n\n\n\n<li>Impliquer la population concern\u00e9e dans la r\u00e9alisation des projets<\/li>\n\n\n\n<li>Remettre le mat\u00e9riel en mains propres<\/li>\n\n\n\n<li>Autonomiser la population pour la p\u00e9rennisation des projets<\/li>\n\n\n\n<li>Soutenir l\u2019\u00e9conomie locale par l\u2019achat de mat\u00e9riel sur place (en Bolivie)<\/li>\n\n\n\n<li>Publier annuellement le bilan financier et le rapport de l\u2019avanc\u00e9e des projets<\/li>\n\n\n\n<li>Participer \u00e0 des actions de solidarit\u00e9 internationale en France<\/li>\n\n\n\n<li>Accueillir des b\u00e9n\u00e9voles en France et en Bolivie<\/li>\n\n\n\n<li>Rencontrer nos adh\u00e9rents et sympathisants<\/li>\n<\/ul>\n\n\n\n<p><strong><a href=\"http:\/\/machakwayra.org\/mw\/index.php\/nos-bulletins-annuels\/\" data-type=\"page\" data-id=\"26\">Nos bulletins annuels<\/a><\/strong><\/p>\n\n\n\n<h2 class=\"wp-block-heading has-text-align-center\"><strong>Nous vous attendons du 24 au 26 avril au Forum Humani-Terre:<\/strong><\/h2>\n\n\n\n<figure class=\"wp-block-gallery has-nested-images columns-default is-cropped wp-block-gallery-1 is-layout-flex wp-block-gallery-is-layout-flex\">\n<figure class=\"wp-block-image size-large\"><img loading=\"lazy\" decoding=\"async\" width=\"1024\" height=\"724\" data-id=\"337\" src=\"https:\/\/machakwayra.org\/mw\/wp-content\/uploads\/2026\/04\/Forum-Humani-Terre-1-1024x724.png\" alt=\"\" class=\"wp-image-337\" srcset=\"https:\/\/machakwayra.org\/mw\/wp-content\/uploads\/2026\/04\/Forum-Humani-Terre-1-1024x724.png 1024w, https:\/\/machakwayra.org\/mw\/wp-content\/uploads\/2026\/04\/Forum-Humani-Terre-1-300x212.png 300w, https:\/\/machakwayra.org\/mw\/wp-content\/uploads\/2026\/04\/Forum-Humani-Terre-1-768x543.png 768w, https:\/\/machakwayra.org\/mw\/wp-content\/uploads\/2026\/04\/Forum-Humani-Terre-1-1536x1086.png 1536w, https:\/\/machakwayra.org\/mw\/wp-content\/uploads\/2026\/04\/Forum-Humani-Terre-1-2048x1448.png 2048w\" sizes=\"auto, (max-width: 1024px) 100vw, 1024px\" \/><\/figure>\n\n\n\n<figure class=\"wp-block-image size-large\"><img loading=\"lazy\" decoding=\"async\" width=\"1024\" height=\"724\" data-id=\"338\" src=\"https:\/\/machakwayra.org\/mw\/wp-content\/uploads\/2026\/04\/Forum-Humani-Terre-2-1-1024x724.png\" alt=\"\" class=\"wp-image-338\" srcset=\"https:\/\/machakwayra.org\/mw\/wp-content\/uploads\/2026\/04\/Forum-Humani-Terre-2-1-1024x724.png 1024w, https:\/\/machakwayra.org\/mw\/wp-content\/uploads\/2026\/04\/Forum-Humani-Terre-2-1-300x212.png 300w, https:\/\/machakwayra.org\/mw\/wp-content\/uploads\/2026\/04\/Forum-Humani-Terre-2-1-768x543.png 768w, https:\/\/machakwayra.org\/mw\/wp-content\/uploads\/2026\/04\/Forum-Humani-Terre-2-1-1536x1086.png 1536w, https:\/\/machakwayra.org\/mw\/wp-content\/uploads\/2026\/04\/Forum-Humani-Terre-2-1-2048x1448.png 2048w\" sizes=\"auto, (max-width: 1024px) 100vw, 1024px\" \/><\/figure>\n<\/figure>\n","protected":false},"excerpt":{"rendered":"<p>Macha\u2019k Wayra signifie vent nouveau en aymara, langue parl\u00e9e dans les hauts plateaux boliviens. L\u2019association a \u00e9t\u00e9 cr\u00e9\u00e9e en avril 2005 dans le cadre de partenariat entre boliviens et fran\u00e7ais [&hellip;]<\/p>\n","protected":false},"author":1,"featured_media":0,"parent":0,"menu_order":0,"comment_status":"closed","ping_status":"closed","template":"","meta":{"site-sidebar-layout":"default","site-content-layout":"","ast-site-content-layout":"default","site-content-style":"default","site-sidebar-style":"default","ast-global-header-display":"","ast-banner-title-visibility":"","ast-main-header-display":"","ast-hfb-above-header-display":"","ast-hfb-below-header-display":"","ast-hfb-mobile-header-display":"","site-post-title":"","ast-breadcrumbs-content":"","ast-featured-img":"","footer-sml-layout":"","ast-disable-related-posts":"","theme-transparent-header-meta":"","adv-header-id-meta":"","stick-header-meta":"","header-above-stick-meta":"","header-main-stick-meta":"","header-below-stick-meta":"","astra-migrate-meta-layouts":"default","ast-page-background-enabled":"default","ast-page-background-meta":{"desktop":{"background-color":"var(--ast-global-color-5)","background-image":"","background-repeat":"repeat","background-position":"center center","background-size":"auto","background-attachment":"scroll","background-type":"","background-media":"","overlay-type":"","overlay-color":"","overlay-opacity":"","overlay-gradient":""},"tablet":{"background-color":"","background-image":"","background-repeat":"repeat","background-position":"center center","background-size":"auto","background-attachment":"scroll","background-type":"","background-media":"","overlay-type":"","overlay-color":"","overlay-opacity":"","overlay-gradient":""},"mobile":{"background-color":"","background-image":"","background-repeat":"repeat","background-position":"center center","background-size":"auto","background-attachment":"scroll","background-type":"","background-media":"","overlay-type":"","overlay-color":"","overlay-opacity":"","overlay-gradient":""}},"ast-content-background-meta":{"desktop":{"background-color":"var(--ast-global-color-4)","background-image":"","background-repeat":"repeat","background-position":"center center","background-size":"auto","background-attachment":"scroll","background-type":"","background-media":"","overlay-type":"","overlay-color":"","overlay-opacity":"","overlay-gradient":""},"tablet":{"background-color":"var(--ast-global-color-4)","background-image":"","background-repeat":"repeat","background-position":"center center","background-size":"auto","background-attachment":"scroll","background-type":"","background-media":"","overlay-type":"","overlay-color":"","overlay-opacity":"","overlay-gradient":""},"mobile":{"background-color":"var(--ast-global-color-4)","background-image":"","background-repeat":"repeat","background-position":"center center","background-size":"auto","background-attachment":"scroll","background-type":"","background-media":"","overlay-type":"","overlay-color":"","overlay-opacity":"","overlay-gradient":""}},"footnotes":""},"class_list":["post-28","page","type-page","status-publish","hentry"],"_links":{"self":[{"href":"https:\/\/machakwayra.org\/mw\/index.php\/wp-json\/wp\/v2\/pages\/28","targetHints":{"allow":["GET"]}}],"collection":[{"href":"https:\/\/machakwayra.org\/mw\/index.php\/wp-json\/wp\/v2\/pages"}],"about":[{"href":"https:\/\/machakwayra.org\/mw\/index.php\/wp-json\/wp\/v2\/types\/page"}],"author":[{"embeddable":true,"href":"https:\/\/machakwayra.org\/mw\/index.php\/wp-json\/wp\/v2\/users\/1"}],"replies":[{"embeddable":true,"href":"https:\/\/machakwayra.org\/mw\/index.php\/wp-json\/wp\/v2\/comments?post=28"}],"version-history":[{"count":9,"href":"https:\/\/machakwayra.org\/mw\/index.php\/wp-json\/wp\/v2\/pages\/28\/revisions"}],"predecessor-version":[{"id":340,"href":"https:\/\/machakwayra.org\/mw\/index.php\/wp-json\/wp\/v2\/pages\/28\/revisions\/340"}],"wp:attachment":[{"href":"https:\/\/machakwayra.org\/mw\/index.php\/wp-json\/wp\/v2\/media?parent=28"}],"curies":[{"name":"wp","href":"https:\/\/api.w.org\/{rel}","templated":true}]}}