{"id":321,"date":"2026-03-20T14:35:23","date_gmt":"2026-03-20T13:35:23","guid":{"rendered":"https:\/\/machakwayra.org\/mw\/?page_id=321"},"modified":"2026-03-20T14:35:23","modified_gmt":"2026-03-20T13:35:23","slug":"en-bolivie","status":"publish","type":"page","link":"https:\/\/machakwayra.org\/mw\/index.php\/en-bolivie\/","title":{"rendered":"Projets en Bolivie"},"content":{"rendered":"\n<p>\u00c0 travers ses actions en Bolivie, l\u2019association s\u2019engage \u00e0 soutenir les communaut\u00e9s locales en mettant en \u0153uvre des projets durables dans les domaines de la sant\u00e9, de l\u2019\u00e9ducation, de l\u2019alimentation et de l\u2019artisanat. Chaque initiative est con\u00e7ue en collaboration avec les b\u00e9n\u00e9ficiaires afin de r\u00e9pondre \u00e0 leurs besoins sp\u00e9cifiques et d\u2019entra\u00eener un impact durable.<\/p>\n\n\n\n<p>D\u00e9couvrez nos projets par ann\u00e9e :<\/p>\n\n\n\n<ul class=\"wp-block-list\">\n<li> <a href=\"https:\/\/machakwayra.org\/mw\/index.php\/en-bolivie-2025\/\" data-type=\"page\" data-id=\"264\">Projets 2025<\/a> <\/li>\n\n\n\n<li> <a href=\"https:\/\/machakwayra.org\/mw\/index.php\/en-bolivie-2024\/\" data-type=\"page\" data-id=\"36\">Projets 2024<\/a><\/li>\n<\/ul>\n\n\n\n<p><\/p>\n","protected":false},"excerpt":{"rendered":"<p>\u00c0 travers ses actions en Bolivie, l\u2019association s\u2019engage \u00e0 soutenir les communaut\u00e9s locales en mettant en \u0153uvre des projets durables dans les domaines de la sant\u00e9, de l\u2019\u00e9ducation, de l\u2019alimentation [&hellip;]<\/p>\n","protected":false},"author":2,"featured_media":0,"parent":0,"menu_order":0,"comment_status":"closed","ping_status":"closed","template":"","meta":{"site-sidebar-layout":"default","site-content-layout":"","ast-site-content-layout":"default","site-content-style":"default","site-sidebar-style":"default","ast-global-header-display":"","ast-banner-title-visibility":"","ast-main-header-display":"","ast-hfb-above-header-display":"","ast-hfb-below-header-display":"","ast-hfb-mobile-header-display":"","site-post-title":"","ast-breadcrumbs-content":"","ast-featured-img":"","footer-sml-layout":"","ast-disable-related-posts":"","theme-transparent-header-meta":"","adv-header-id-meta":"","stick-header-meta":"","header-above-stick-meta":"","header-main-stick-meta":"","header-below-stick-meta":"","astra-migrate-meta-layouts":"default","ast-page-background-enabled":"default","ast-page-background-meta":{"desktop":{"background-color":"var(--ast-global-color-5)","background-image":"","background-repeat":"repeat","background-position":"center center","background-size":"auto","background-attachment":"scroll","background-type":"","background-media":"","overlay-type":"","overlay-color":"","overlay-opacity":"","overlay-gradient":""},"tablet":{"background-color":"","background-image":"","background-repeat":"repeat","background-position":"center center","background-size":"auto","background-attachment":"scroll","background-type":"","background-media":"","overlay-type":"","overlay-color":"","overlay-opacity":"","overlay-gradient":""},"mobile":{"background-color":"","background-image":"","background-repeat":"repeat","background-position":"center center","background-size":"auto","background-attachment":"scroll","background-type":"","background-media":"","overlay-type":"","overlay-color":"","overlay-opacity":"","overlay-gradient":""}},"ast-content-background-meta":{"desktop":{"background-color":"var(--ast-global-color-4)","background-image":"","background-repeat":"repeat","background-position":"center center","background-size":"auto","background-attachment":"scroll","background-type":"","background-media":"","overlay-type":"","overlay-color":"","overlay-opacity":"","overlay-gradient":""},"tablet":{"background-color":"var(--ast-global-color-4)","background-image":"","background-repeat":"repeat","background-position":"center center","background-size":"auto","background-attachment":"scroll","background-type":"","background-media":"","overlay-type":"","overlay-color":"","overlay-opacity":"","overlay-gradient":""},"mobile":{"background-color":"var(--ast-global-color-4)","background-image":"","background-repeat":"repeat","background-position":"center center","background-size":"auto","background-attachment":"scroll","background-type":"","background-media":"","overlay-type":"","overlay-color":"","overlay-opacity":"","overlay-gradient":""}},"footnotes":""},"class_list":["post-321","page","type-page","status-publish","hentry"],"_links":{"self":[{"href":"https:\/\/machakwayra.org\/mw\/index.php\/wp-json\/wp\/v2\/pages\/321","targetHints":{"allow":["GET"]}}],"collection":[{"href":"https:\/\/machakwayra.org\/mw\/index.php\/wp-json\/wp\/v2\/pages"}],"about":[{"href":"https:\/\/machakwayra.org\/mw\/index.php\/wp-json\/wp\/v2\/types\/page"}],"author":[{"embeddable":true,"href":"https:\/\/machakwayra.org\/mw\/index.php\/wp-json\/wp\/v2\/users\/2"}],"replies":[{"embeddable":true,"href":"https:\/\/machakwayra.org\/mw\/index.php\/wp-json\/wp\/v2\/comments?post=321"}],"version-history":[{"count":1,"href":"https:\/\/machakwayra.org\/mw\/index.php\/wp-json\/wp\/v2\/pages\/321\/revisions"}],"predecessor-version":[{"id":322,"href":"https:\/\/machakwayra.org\/mw\/index.php\/wp-json\/wp\/v2\/pages\/321\/revisions\/322"}],"wp:attachment":[{"href":"https:\/\/machakwayra.org\/mw\/index.php\/wp-json\/wp\/v2\/media?parent=321"}],"curies":[{"name":"wp","href":"https:\/\/api.w.org\/{rel}","templated":true}]}}