{"id":36,"date":"2025-09-07T20:25:46","date_gmt":"2025-09-07T20:25:46","guid":{"rendered":"https:\/\/machakwayra.org\/mw\/?page_id=36"},"modified":"2026-03-20T14:37:45","modified_gmt":"2026-03-20T13:37:45","slug":"en-bolivie-2024","status":"publish","type":"page","link":"https:\/\/machakwayra.org\/mw\/index.php\/en-bolivie\/en-bolivie-2024\/","title":{"rendered":"Projets en Bolivie 2024"},"content":{"rendered":"\n<p><strong>Education<\/strong><\/p>\n\n\n\n<ul class=\"wp-block-list\">\n<li><strong>Distribution de mat\u00e9riel scolaire et d\u2019hygi\u00e8ne<\/strong> dans des sacs en tissu confectionn\u00e9s par L\u2019Association artisanale Machaq Amtawi. La distribution se fait sur 3 journ\u00e9es dans les 25 \u00e9coles et coll\u00e8ges de la province&nbsp;: 900 \u00e9l\u00e8ves re\u00e7oivent&nbsp;: cahiers, feuilles, stylos, feutres, crayons, dentifrice, brosses \u00e0 dents et savons.<\/li>\n<\/ul>\n\n\n\n<figure class=\"wp-block-image aligncenter size-large\"><img loading=\"lazy\" decoding=\"async\" width=\"1024\" height=\"768\" src=\"http:\/\/machakwayra.org\/mw\/wp-content\/uploads\/2025\/09\/01_npeB_IMG-20220816-WA0040-1024x768.jpg\" alt=\"\" class=\"wp-image-37\" srcset=\"https:\/\/machakwayra.org\/mw\/wp-content\/uploads\/2025\/09\/01_npeB_IMG-20220816-WA0040-1024x768.jpg 1024w, https:\/\/machakwayra.org\/mw\/wp-content\/uploads\/2025\/09\/01_npeB_IMG-20220816-WA0040-300x225.jpg 300w, https:\/\/machakwayra.org\/mw\/wp-content\/uploads\/2025\/09\/01_npeB_IMG-20220816-WA0040-768x576.jpg 768w, https:\/\/machakwayra.org\/mw\/wp-content\/uploads\/2025\/09\/01_npeB_IMG-20220816-WA0040-1536x1152.jpg 1536w, https:\/\/machakwayra.org\/mw\/wp-content\/uploads\/2025\/09\/01_npeB_IMG-20220816-WA0040.jpg 2016w\" sizes=\"auto, (max-width: 1024px) 100vw, 1024px\" \/><\/figure>\n\n\n\n<ul class=\"wp-block-list\">\n<li><strong>Mat\u00e9riel didactique\u00a0:<\/strong> don de mat\u00e9riel informatique dans 2 \u00e9tablissements en 2023. Suite aux projets de ces \u00e9tablissements, l\u2019association, soutenue par notre partenaire Terre sans Fronti\u00e8re, a fait don de 5 ordinateurs et 2 imprimantes. La municipalit\u00e9 a compl\u00e9t\u00e9 cette donation. <\/li>\n<\/ul>\n\n\n\n<figure class=\"wp-block-image aligncenter size-large\"><img loading=\"lazy\" decoding=\"async\" width=\"1024\" height=\"675\" src=\"http:\/\/machakwayra.org\/mw\/wp-content\/uploads\/2025\/09\/02_npeB_DSC06728-1024x675.jpg\" alt=\"\" class=\"wp-image-38\" srcset=\"https:\/\/machakwayra.org\/mw\/wp-content\/uploads\/2025\/09\/02_npeB_DSC06728-1024x675.jpg 1024w, https:\/\/machakwayra.org\/mw\/wp-content\/uploads\/2025\/09\/02_npeB_DSC06728-300x198.jpg 300w, https:\/\/machakwayra.org\/mw\/wp-content\/uploads\/2025\/09\/02_npeB_DSC06728-768x506.jpg 768w, https:\/\/machakwayra.org\/mw\/wp-content\/uploads\/2025\/09\/02_npeB_DSC06728-1536x1013.jpg 1536w, https:\/\/machakwayra.org\/mw\/wp-content\/uploads\/2025\/09\/02_npeB_DSC06728-2048x1350.jpg 2048w\" sizes=\"auto, (max-width: 1024px) 100vw, 1024px\" \/><\/figure>\n\n\n\n<ul class=\"wp-block-list\">\n<li>En 2024 don de mat\u00e9riel pour \u00e9quiper un laboratoire de physique-chimie au coll\u00e8ge de Villa Exaltaci\u00f3n.<\/li>\n<\/ul>\n\n\n\n<p><\/p>\n\n\n\n<ul class=\"wp-block-list\">\n<li><strong>Le centre social et culturel<\/strong> fonctionne durant toute l\u2019ann\u00e9e 3 apr\u00e8s-midi par semaine. Les activit\u00e9s sont encadr\u00e9es par la coordinatrice de projets, Benigna, et par des b\u00e9n\u00e9voles lors de leur s\u00e9jour.<\/li>\n<\/ul>\n\n\n\n<figure class=\"wp-block-gallery has-nested-images columns-default is-cropped wp-block-gallery-1 is-layout-flex wp-block-gallery-is-layout-flex\">\n<figure class=\"wp-block-image size-large\"><img loading=\"lazy\" decoding=\"async\" width=\"1024\" height=\"577\" data-id=\"39\" src=\"https:\/\/machakwayra.org\/mw\/wp-content\/uploads\/2025\/09\/03_npeB_20240612_165432-1024x577.jpg\" alt=\"\" class=\"wp-image-39\" srcset=\"https:\/\/machakwayra.org\/mw\/wp-content\/uploads\/2025\/09\/03_npeB_20240612_165432-1024x577.jpg 1024w, https:\/\/machakwayra.org\/mw\/wp-content\/uploads\/2025\/09\/03_npeB_20240612_165432-300x169.jpg 300w, https:\/\/machakwayra.org\/mw\/wp-content\/uploads\/2025\/09\/03_npeB_20240612_165432-768x432.jpg 768w, https:\/\/machakwayra.org\/mw\/wp-content\/uploads\/2025\/09\/03_npeB_20240612_165432-1536x865.jpg 1536w, https:\/\/machakwayra.org\/mw\/wp-content\/uploads\/2025\/09\/03_npeB_20240612_165432-2048x1153.jpg 2048w\" sizes=\"auto, (max-width: 1024px) 100vw, 1024px\" \/><\/figure>\n<\/figure>\n\n\n\n<figure class=\"wp-block-image aligncenter size-large\"><img loading=\"lazy\" decoding=\"async\" width=\"1024\" height=\"768\" src=\"http:\/\/machakwayra.org\/mw\/wp-content\/uploads\/2025\/09\/04_npeB_IMG_20190722_154453-1024x768.jpg\" alt=\"\" class=\"wp-image-40\" srcset=\"https:\/\/machakwayra.org\/mw\/wp-content\/uploads\/2025\/09\/04_npeB_IMG_20190722_154453-1024x768.jpg 1024w, https:\/\/machakwayra.org\/mw\/wp-content\/uploads\/2025\/09\/04_npeB_IMG_20190722_154453-300x225.jpg 300w, https:\/\/machakwayra.org\/mw\/wp-content\/uploads\/2025\/09\/04_npeB_IMG_20190722_154453-768x576.jpg 768w, https:\/\/machakwayra.org\/mw\/wp-content\/uploads\/2025\/09\/04_npeB_IMG_20190722_154453-1536x1152.jpg 1536w, https:\/\/machakwayra.org\/mw\/wp-content\/uploads\/2025\/09\/04_npeB_IMG_20190722_154453-2048x1536.jpg 2048w\" sizes=\"auto, (max-width: 1024px) 100vw, 1024px\" \/><\/figure>\n\n\n\n<p><strong>Sant\u00e9<\/strong><\/p>\n\n\n\n<ul class=\"wp-block-list\">\n<li><strong>Mission ophtalmologique<\/strong> avec une \u00e9quipe de sp\u00e9cialistes depuis 2021.<\/li>\n<\/ul>\n\n\n\n<figure class=\"wp-block-image aligncenter size-large\"><img loading=\"lazy\" decoding=\"async\" width=\"1024\" height=\"768\" src=\"http:\/\/machakwayra.org\/mw\/wp-content\/uploads\/2025\/09\/05_npeB_IMG-20230828-WA0003-1024x768.jpg\" alt=\"\" class=\"wp-image-41\" srcset=\"https:\/\/machakwayra.org\/mw\/wp-content\/uploads\/2025\/09\/05_npeB_IMG-20230828-WA0003-1024x768.jpg 1024w, https:\/\/machakwayra.org\/mw\/wp-content\/uploads\/2025\/09\/05_npeB_IMG-20230828-WA0003-300x225.jpg 300w, https:\/\/machakwayra.org\/mw\/wp-content\/uploads\/2025\/09\/05_npeB_IMG-20230828-WA0003-768x576.jpg 768w, https:\/\/machakwayra.org\/mw\/wp-content\/uploads\/2025\/09\/05_npeB_IMG-20230828-WA0003-1536x1152.jpg 1536w, https:\/\/machakwayra.org\/mw\/wp-content\/uploads\/2025\/09\/05_npeB_IMG-20230828-WA0003.jpg 2000w\" sizes=\"auto, (max-width: 1024px) 100vw, 1024px\" \/><\/figure>\n\n\n\n<figure class=\"wp-block-image aligncenter size-large\"><img loading=\"lazy\" decoding=\"async\" width=\"1024\" height=\"461\" src=\"http:\/\/machakwayra.org\/mw\/wp-content\/uploads\/2025\/09\/06_npeB_IMG-20240822-WA0027-1024x461.jpg\" alt=\"\" class=\"wp-image-42\" srcset=\"https:\/\/machakwayra.org\/mw\/wp-content\/uploads\/2025\/09\/06_npeB_IMG-20240822-WA0027-1024x461.jpg 1024w, https:\/\/machakwayra.org\/mw\/wp-content\/uploads\/2025\/09\/06_npeB_IMG-20240822-WA0027-300x135.jpg 300w, https:\/\/machakwayra.org\/mw\/wp-content\/uploads\/2025\/09\/06_npeB_IMG-20240822-WA0027-768x346.jpg 768w, https:\/\/machakwayra.org\/mw\/wp-content\/uploads\/2025\/09\/06_npeB_IMG-20240822-WA0027-1536x691.jpg 1536w, https:\/\/machakwayra.org\/mw\/wp-content\/uploads\/2025\/09\/06_npeB_IMG-20240822-WA0027.jpg 2000w\" sizes=\"auto, (max-width: 1024px) 100vw, 1024px\" \/><\/figure>\n\n\n\n<p>Examens visuels, consultations, traitement, fournitures de lunettes de soleil et lunettes de vue.&nbsp;<\/p>\n\n\n\n<p>Exemple d\u2019interventions en 2023&nbsp;:<\/p>\n\n\n\n<ul class=\"wp-block-list\">\n<li>7 jours et demi de consultations,&nbsp;<\/li>\n\n\n\n<li>371 personnes ont \u00e9t\u00e9 vues,&nbsp;<\/li>\n\n\n\n<li>143 paires de lunettes de soleil,&nbsp;<\/li>\n\n\n\n<li>57 paires de lunettes de lecture,&nbsp;<\/li>\n\n\n\n<li>219 paires de lunettes correctives.<\/li>\n<\/ul>\n\n\n\n<p><strong>D\u00e9veloppement<\/strong><\/p>\n\n\n\n<ul class=\"wp-block-list\">\n<li><strong>Walipinis ou serres semi souterraines<\/strong><\/li>\n<\/ul>\n\n\n\n<p>Poursuite du projet walipinis&nbsp;: construction de serres maraich\u00e8res et de granges \u00e0 poules&nbsp; , organisation de rencontres entre les b\u00e9n\u00e9ficiaires et un agronome, r\u00e9paration de walipinis endommag\u00e9es par les al\u00e9as m\u00e9t\u00e9orologiques.<\/p>\n\n\n\n<figure class=\"wp-block-image aligncenter size-large\"><img loading=\"lazy\" decoding=\"async\" width=\"1024\" height=\"768\" src=\"http:\/\/machakwayra.org\/mw\/wp-content\/uploads\/2025\/09\/07_npeB_DSC06840-1024x768.jpg\" alt=\"\" class=\"wp-image-43\" srcset=\"https:\/\/machakwayra.org\/mw\/wp-content\/uploads\/2025\/09\/07_npeB_DSC06840-1024x768.jpg 1024w, https:\/\/machakwayra.org\/mw\/wp-content\/uploads\/2025\/09\/07_npeB_DSC06840-300x225.jpg 300w, https:\/\/machakwayra.org\/mw\/wp-content\/uploads\/2025\/09\/07_npeB_DSC06840-768x576.jpg 768w, https:\/\/machakwayra.org\/mw\/wp-content\/uploads\/2025\/09\/07_npeB_DSC06840-1536x1152.jpg 1536w, https:\/\/machakwayra.org\/mw\/wp-content\/uploads\/2025\/09\/07_npeB_DSC06840-2048x1536.jpg 2048w\" sizes=\"auto, (max-width: 1024px) 100vw, 1024px\" \/><\/figure>\n\n\n\n<figure class=\"wp-block-image aligncenter size-large\"><img loading=\"lazy\" decoding=\"async\" width=\"1024\" height=\"461\" src=\"http:\/\/machakwayra.org\/mw\/wp-content\/uploads\/2025\/09\/08_npeB_IMG-20230903-WA0017-1024x461.jpg\" alt=\"\" class=\"wp-image-44\" srcset=\"https:\/\/machakwayra.org\/mw\/wp-content\/uploads\/2025\/09\/08_npeB_IMG-20230903-WA0017-1024x461.jpg 1024w, https:\/\/machakwayra.org\/mw\/wp-content\/uploads\/2025\/09\/08_npeB_IMG-20230903-WA0017-300x135.jpg 300w, https:\/\/machakwayra.org\/mw\/wp-content\/uploads\/2025\/09\/08_npeB_IMG-20230903-WA0017-768x346.jpg 768w, https:\/\/machakwayra.org\/mw\/wp-content\/uploads\/2025\/09\/08_npeB_IMG-20230903-WA0017-1536x691.jpg 1536w, https:\/\/machakwayra.org\/mw\/wp-content\/uploads\/2025\/09\/08_npeB_IMG-20230903-WA0017.jpg 2000w\" sizes=\"auto, (max-width: 1024px) 100vw, 1024px\" \/><\/figure>\n\n\n\n<ul class=\"wp-block-list\">\n<li><strong>Cuiseurs solaires&nbsp;:<\/strong> En 2023 25 cuiseurs solaires pour les habitants de Tolacollo en collaboration avec l\u2019association Inti Illimani de La Paz.<\/li>\n<\/ul>\n\n\n\n<figure class=\"wp-block-image aligncenter size-large\"><img loading=\"lazy\" decoding=\"async\" width=\"721\" height=\"1024\" src=\"http:\/\/machakwayra.org\/mw\/wp-content\/uploads\/2025\/09\/09_npeB_DSC06866-721x1024.jpg\" alt=\"\" class=\"wp-image-47\" srcset=\"https:\/\/machakwayra.org\/mw\/wp-content\/uploads\/2025\/09\/09_npeB_DSC06866-721x1024.jpg 721w, https:\/\/machakwayra.org\/mw\/wp-content\/uploads\/2025\/09\/09_npeB_DSC06866-211x300.jpg 211w, https:\/\/machakwayra.org\/mw\/wp-content\/uploads\/2025\/09\/09_npeB_DSC06866-768x1091.jpg 768w, https:\/\/machakwayra.org\/mw\/wp-content\/uploads\/2025\/09\/09_npeB_DSC06866-1081x1536.jpg 1081w, https:\/\/machakwayra.org\/mw\/wp-content\/uploads\/2025\/09\/09_npeB_DSC06866-1442x2048.jpg 1442w, https:\/\/machakwayra.org\/mw\/wp-content\/uploads\/2025\/09\/09_npeB_DSC06866-scaled.jpg 1802w\" sizes=\"auto, (max-width: 721px) 100vw, 721px\" \/><\/figure>\n\n\n\n<figure class=\"wp-block-image aligncenter size-large\"><img loading=\"lazy\" decoding=\"async\" width=\"1024\" height=\"486\" src=\"http:\/\/machakwayra.org\/mw\/wp-content\/uploads\/2025\/09\/10_Cuiseurs-solaires-1024x486.png\" alt=\"\" class=\"wp-image-48\" srcset=\"https:\/\/machakwayra.org\/mw\/wp-content\/uploads\/2025\/09\/10_Cuiseurs-solaires-1024x486.png 1024w, https:\/\/machakwayra.org\/mw\/wp-content\/uploads\/2025\/09\/10_Cuiseurs-solaires-300x142.png 300w, https:\/\/machakwayra.org\/mw\/wp-content\/uploads\/2025\/09\/10_Cuiseurs-solaires-768x364.png 768w, https:\/\/machakwayra.org\/mw\/wp-content\/uploads\/2025\/09\/10_Cuiseurs-solaires.png 1239w\" sizes=\"auto, (max-width: 1024px) 100vw, 1024px\" \/><\/figure>\n\n\n\n<ul class=\"wp-block-list\">\n<li>Les b\u00e9n\u00e9ficiaires suivent un stage de 3 jours&nbsp;: recettes, fonctionnement, entretien et partage d\u2019exp\u00e9riences.&nbsp;<\/li>\n\n\n\n<li>Durant une p\u00e9riode de 6 mois, une rencontre mensuelle permet aux b\u00e9n\u00e9ficiaires d\u2019\u00e9changer et compl\u00e9ter la formation.<\/li>\n\n\n\n<li>En 2023 cette action a \u00e9t\u00e9 soutenue par la Bourse aux Projets du collectif Humanis et chaque b\u00e9n\u00e9ficiaire a financ\u00e9 une partie de son cuiseur.<\/li>\n\n\n\n<li><strong>Eau et assainissement&nbsp;: <\/strong>Adduction d\u2019eau dans des communaut\u00e9s avec notre partenaire Aleaugemeau, de la source aux habitations.<strong> <\/strong>Les b\u00e9n\u00e9ficiaires sont les acteurs du projet et s\u2019impliquent dans le travail de mise en place du r\u00e9seau.<\/li>\n<\/ul>\n\n\n\n<figure class=\"wp-block-image aligncenter size-large\"><img loading=\"lazy\" decoding=\"async\" width=\"1024\" height=\"576\" src=\"http:\/\/machakwayra.org\/mw\/wp-content\/uploads\/2025\/09\/11_npeB_20220911_103723-1024x576.jpg\" alt=\"\" class=\"wp-image-49\" srcset=\"https:\/\/machakwayra.org\/mw\/wp-content\/uploads\/2025\/09\/11_npeB_20220911_103723-1024x576.jpg 1024w, https:\/\/machakwayra.org\/mw\/wp-content\/uploads\/2025\/09\/11_npeB_20220911_103723-300x169.jpg 300w, https:\/\/machakwayra.org\/mw\/wp-content\/uploads\/2025\/09\/11_npeB_20220911_103723-768x432.jpg 768w, https:\/\/machakwayra.org\/mw\/wp-content\/uploads\/2025\/09\/11_npeB_20220911_103723-1536x864.jpg 1536w, https:\/\/machakwayra.org\/mw\/wp-content\/uploads\/2025\/09\/11_npeB_20220911_103723-2048x1152.jpg 2048w\" sizes=\"auto, (max-width: 1024px) 100vw, 1024px\" \/><\/figure>\n\n\n\n<figure class=\"wp-block-image aligncenter size-large is-resized\"><img loading=\"lazy\" decoding=\"async\" width=\"1024\" height=\"683\" src=\"http:\/\/machakwayra.org\/mw\/wp-content\/uploads\/2025\/09\/12_npeB_Adduction-deau-1024x683.jpg\" alt=\"\" class=\"wp-image-50\" style=\"width:1024px;height:auto\" srcset=\"https:\/\/machakwayra.org\/mw\/wp-content\/uploads\/2025\/09\/12_npeB_Adduction-deau-1024x683.jpg 1024w, https:\/\/machakwayra.org\/mw\/wp-content\/uploads\/2025\/09\/12_npeB_Adduction-deau-300x200.jpg 300w, https:\/\/machakwayra.org\/mw\/wp-content\/uploads\/2025\/09\/12_npeB_Adduction-deau-768x512.jpg 768w, https:\/\/machakwayra.org\/mw\/wp-content\/uploads\/2025\/09\/12_npeB_Adduction-deau-1536x1024.jpg 1536w, https:\/\/machakwayra.org\/mw\/wp-content\/uploads\/2025\/09\/12_npeB_Adduction-deau-2048x1365.jpg 2048w\" sizes=\"auto, (max-width: 1024px) 100vw, 1024px\" \/><\/figure>\n\n\n\n<ul class=\"wp-block-list\">\n<li>Construction de sanitaires dans le coll\u00e8ge d\u2019Anufani avec notre partenaire Aleaugemeau. Suite \u00e0 l\u2019adduction d\u2019eau dans le village et \u00e0 une sensibilisation au respect de l\u2019environnement, le coll\u00e8ge a construit des sanitaires pour les \u00e9l\u00e8ves et le professorat (douches, toilettes et lavabos).<\/li>\n<\/ul>\n\n\n\n<figure class=\"wp-block-image aligncenter size-large\"><img loading=\"lazy\" decoding=\"async\" width=\"461\" height=\"1024\" src=\"http:\/\/machakwayra.org\/mw\/wp-content\/uploads\/2025\/09\/13_npeB_IMG-20231011-WA0005-461x1024.jpg\" alt=\"\" class=\"wp-image-51\" srcset=\"https:\/\/machakwayra.org\/mw\/wp-content\/uploads\/2025\/09\/13_npeB_IMG-20231011-WA0005-461x1024.jpg 461w, https:\/\/machakwayra.org\/mw\/wp-content\/uploads\/2025\/09\/13_npeB_IMG-20231011-WA0005-135x300.jpg 135w, https:\/\/machakwayra.org\/mw\/wp-content\/uploads\/2025\/09\/13_npeB_IMG-20231011-WA0005-768x1707.jpg 768w, https:\/\/machakwayra.org\/mw\/wp-content\/uploads\/2025\/09\/13_npeB_IMG-20231011-WA0005-691x1536.jpg 691w, https:\/\/machakwayra.org\/mw\/wp-content\/uploads\/2025\/09\/13_npeB_IMG-20231011-WA0005.jpg 900w\" sizes=\"auto, (max-width: 461px) 100vw, 461px\" \/><\/figure>\n\n\n\n<figure class=\"wp-block-image aligncenter size-large is-resized\"><img loading=\"lazy\" decoding=\"async\" width=\"1024\" height=\"768\" src=\"http:\/\/machakwayra.org\/mw\/wp-content\/uploads\/2025\/09\/14_npeB_IMG-20230703-WA0012-1024x768.jpg\" alt=\"\" class=\"wp-image-52\" style=\"width:1024px;height:auto\" srcset=\"https:\/\/machakwayra.org\/mw\/wp-content\/uploads\/2025\/09\/14_npeB_IMG-20230703-WA0012-1024x768.jpg 1024w, https:\/\/machakwayra.org\/mw\/wp-content\/uploads\/2025\/09\/14_npeB_IMG-20230703-WA0012-300x225.jpg 300w, https:\/\/machakwayra.org\/mw\/wp-content\/uploads\/2025\/09\/14_npeB_IMG-20230703-WA0012-768x576.jpg 768w, https:\/\/machakwayra.org\/mw\/wp-content\/uploads\/2025\/09\/14_npeB_IMG-20230703-WA0012.jpg 1280w\" sizes=\"auto, (max-width: 1024px) 100vw, 1024px\" \/><\/figure>\n\n\n\n<p><strong>Soutien \u00e0 l\u2019artisanat local<\/strong><\/p>\n\n\n\n<p>L\u2019Association Artisanale Machaq Amtawi (AAMA) a \u00e9t\u00e9 cr\u00e9\u00e9e, en 2012, par un groupe de femmes de Santiago de Machaca qui avaient obtenu un dipl\u00f4me de technicienne en artisanat textile au Centre d\u2019Education Alternative locale. Ces femmes, d\u00e9sireuses de travailler localement, de vendre leur production et d\u2019avoir un revenu propre, se sont mises au travail : elles ont commenc\u00e9 \u00e0 produire des articles en laine d\u2019alpaga, \u00e0 les vendre, \u00e0 se perfectionner \u00e0 travers une formation compl\u00e9mentaire. Sur l\u2019Altiplano la laine de cam\u00e9lid\u00e9s et\/ou de mouton est tricot\u00e9e et\/ou tiss\u00e9e. Elles ont organis\u00e9 des d\u00e9fi l\u00e9s et des expoventes pour se faire conna\u00eetre. L\u2019association Macha\u2019k Wayra les soutient depuis leur cr\u00e9ation en compl\u00e9tant l\u2019\u00e9quipement de leur atelier, en achetant une partie de leur production, en les formant dans la gestion d\u2019une association, en les soutenant dans leur d\u00e9marche d\u2019autonomisation.<\/p>\n\n\n\n<figure class=\"wp-block-image aligncenter size-large\"><img loading=\"lazy\" decoding=\"async\" width=\"1024\" height=\"669\" src=\"http:\/\/machakwayra.org\/mw\/wp-content\/uploads\/2025\/09\/15_npeB_Machaq-Amtawi-1024x669.jpg\" alt=\"\" class=\"wp-image-53\" srcset=\"https:\/\/machakwayra.org\/mw\/wp-content\/uploads\/2025\/09\/15_npeB_Machaq-Amtawi-1024x669.jpg 1024w, https:\/\/machakwayra.org\/mw\/wp-content\/uploads\/2025\/09\/15_npeB_Machaq-Amtawi-300x196.jpg 300w, https:\/\/machakwayra.org\/mw\/wp-content\/uploads\/2025\/09\/15_npeB_Machaq-Amtawi-768x502.jpg 768w, https:\/\/machakwayra.org\/mw\/wp-content\/uploads\/2025\/09\/15_npeB_Machaq-Amtawi-1536x1003.jpg 1536w, https:\/\/machakwayra.org\/mw\/wp-content\/uploads\/2025\/09\/15_npeB_Machaq-Amtawi-2048x1338.jpg 2048w\" sizes=\"auto, (max-width: 1024px) 100vw, 1024px\" \/><\/figure>\n","protected":false},"excerpt":{"rendered":"<p>Education Sant\u00e9 Examens visuels, consultations, traitement, fournitures de lunettes de soleil et lunettes de vue.&nbsp; Exemple d\u2019interventions en 2023&nbsp;: D\u00e9veloppement Poursuite du projet walipinis&nbsp;: construction de serres maraich\u00e8res et de [&hellip;]<\/p>\n","protected":false},"author":1,"featured_media":0,"parent":321,"menu_order":0,"comment_status":"closed","ping_status":"closed","template":"","meta":{"site-sidebar-layout":"default","site-content-layout":"","ast-site-content-layout":"default","site-content-style":"default","site-sidebar-style":"default","ast-global-header-display":"","ast-banner-title-visibility":"","ast-main-header-display":"","ast-hfb-above-header-display":"","ast-hfb-below-header-display":"","ast-hfb-mobile-header-display":"","site-post-title":"","ast-breadcrumbs-content":"","ast-featured-img":"","footer-sml-layout":"","ast-disable-related-posts":"","theme-transparent-header-meta":"","adv-header-id-meta":"","stick-header-meta":"","header-above-stick-meta":"","header-main-stick-meta":"","header-below-stick-meta":"","astra-migrate-meta-layouts":"default","ast-page-background-enabled":"default","ast-page-background-meta":{"desktop":{"background-color":"var(--ast-global-color-5)","background-image":"","background-repeat":"repeat","background-position":"center center","background-size":"auto","background-attachment":"scroll","background-type":"","background-media":"","overlay-type":"","overlay-color":"","overlay-opacity":"","overlay-gradient":""},"tablet":{"background-color":"","background-image":"","background-repeat":"repeat","background-position":"center center","background-size":"auto","background-attachment":"scroll","background-type":"","background-media":"","overlay-type":"","overlay-color":"","overlay-opacity":"","overlay-gradient":""},"mobile":{"background-color":"","background-image":"","background-repeat":"repeat","background-position":"center center","background-size":"auto","background-attachment":"scroll","background-type":"","background-media":"","overlay-type":"","overlay-color":"","overlay-opacity":"","overlay-gradient":""}},"ast-content-background-meta":{"desktop":{"background-color":"var(--ast-global-color-4)","background-image":"","background-repeat":"repeat","background-position":"center center","background-size":"auto","background-attachment":"scroll","background-type":"","background-media":"","overlay-type":"","overlay-color":"","overlay-opacity":"","overlay-gradient":""},"tablet":{"background-color":"var(--ast-global-color-4)","background-image":"","background-repeat":"repeat","background-position":"center center","background-size":"auto","background-attachment":"scroll","background-type":"","background-media":"","overlay-type":"","overlay-color":"","overlay-opacity":"","overlay-gradient":""},"mobile":{"background-color":"var(--ast-global-color-4)","background-image":"","background-repeat":"repeat","background-position":"center center","background-size":"auto","background-attachment":"scroll","background-type":"","background-media":"","overlay-type":"","overlay-color":"","overlay-opacity":"","overlay-gradient":""}},"footnotes":""},"class_list":["post-36","page","type-page","status-publish","hentry"],"_links":{"self":[{"href":"https:\/\/machakwayra.org\/mw\/index.php\/wp-json\/wp\/v2\/pages\/36","targetHints":{"allow":["GET"]}}],"collection":[{"href":"https:\/\/machakwayra.org\/mw\/index.php\/wp-json\/wp\/v2\/pages"}],"about":[{"href":"https:\/\/machakwayra.org\/mw\/index.php\/wp-json\/wp\/v2\/types\/page"}],"author":[{"embeddable":true,"href":"https:\/\/machakwayra.org\/mw\/index.php\/wp-json\/wp\/v2\/users\/1"}],"replies":[{"embeddable":true,"href":"https:\/\/machakwayra.org\/mw\/index.php\/wp-json\/wp\/v2\/comments?post=36"}],"version-history":[{"count":16,"href":"https:\/\/machakwayra.org\/mw\/index.php\/wp-json\/wp\/v2\/pages\/36\/revisions"}],"predecessor-version":[{"id":323,"href":"https:\/\/machakwayra.org\/mw\/index.php\/wp-json\/wp\/v2\/pages\/36\/revisions\/323"}],"up":[{"embeddable":true,"href":"https:\/\/machakwayra.org\/mw\/index.php\/wp-json\/wp\/v2\/pages\/321"}],"wp:attachment":[{"href":"https:\/\/machakwayra.org\/mw\/index.php\/wp-json\/wp\/v2\/media?parent=36"}],"curies":[{"name":"wp","href":"https:\/\/api.w.org\/{rel}","templated":true}]}}