{"id":75,"date":"2025-09-07T20:51:54","date_gmt":"2025-09-07T20:51:54","guid":{"rendered":"https:\/\/machakwayra.org\/mw\/?page_id=75"},"modified":"2025-09-07T20:53:15","modified_gmt":"2025-09-07T20:53:15","slug":"nous-soutenir","status":"publish","type":"page","link":"https:\/\/machakwayra.org\/mw\/index.php\/nous-soutenir\/","title":{"rendered":"Nous soutenir"},"content":{"rendered":"\n<p>Vous pouvez \u00e9galement contribuer aux enfants et aux familles de Santiago de Machaca, en Bolivie, de plusieurs mani\u00e8res :<\/p>\n\n\n\n<ul class=\"wp-block-list\">\n<li><a href=\"https:\/\/www.helloasso.com\/associations\/macha-k-wayra-synergie-bolivie\"><strong>Faire un don soit par Helloasso<\/strong><\/a><strong> soit directement \u00e0 l\u2019association\u00a0:\u00a0<\/strong><\/li>\n<\/ul>\n\n\n\n<figure class=\"wp-block-image aligncenter size-full is-resized\"><img loading=\"lazy\" decoding=\"async\" width=\"1200\" height=\"630\" src=\"http:\/\/machakwayra.org\/mw\/wp-content\/uploads\/2025\/09\/ns_01_helloasso-social-media-logo.jpg\" alt=\"\" class=\"wp-image-78\" style=\"width:460px\" srcset=\"https:\/\/machakwayra.org\/mw\/wp-content\/uploads\/2025\/09\/ns_01_helloasso-social-media-logo.jpg 1200w, https:\/\/machakwayra.org\/mw\/wp-content\/uploads\/2025\/09\/ns_01_helloasso-social-media-logo-300x158.jpg 300w, https:\/\/machakwayra.org\/mw\/wp-content\/uploads\/2025\/09\/ns_01_helloasso-social-media-logo-1024x538.jpg 1024w, https:\/\/machakwayra.org\/mw\/wp-content\/uploads\/2025\/09\/ns_01_helloasso-social-media-logo-768x403.jpg 768w\" sizes=\"auto, (max-width: 1200px) 100vw, 1200px\" \/><\/figure>\n\n\n\n<ul class=\"wp-block-list\">\n<li><strong>Lilo&nbsp;<\/strong>: <a href=\"https:\/\/www.lilo.org\/\">En utilisant Lilo,<\/a> vous pouvez participer au financement d&rsquo;un projet de Macha&rsquo;k Wayra.<\/li>\n<\/ul>\n\n\n\n<p>Comment faire&nbsp;?&nbsp;<\/p>\n\n\n\n<ul class=\"wp-block-list\">\n<li>Installer Lilo sur votre ordinateur en suivant la d\u00e9marche d\u00e9crite<\/li>\n\n\n\n<li>Chaque recherche vous donne droit \u00e0 des gouttes que vous pouvez distribuer<\/li>\n\n\n\n<li>Le projet de Macha\u2019k Wayra se trouve sous le titre de \u00ab AUTONOMIE ALIMENTAIRE&nbsp;\u00bb<\/li>\n<\/ul>\n\n\n\n<figure class=\"wp-block-image aligncenter size-full is-resized\"><img loading=\"lazy\" decoding=\"async\" width=\"290\" height=\"174\" src=\"http:\/\/machakwayra.org\/mw\/wp-content\/uploads\/2025\/09\/ns_02_Lilo.png\" alt=\"\" class=\"wp-image-80\" style=\"width:460px\"\/><\/figure>\n\n\n\n<ul class=\"wp-block-list\">\n<li><strong>Adh\u00e9rer \u00e0 l\u2019association<\/strong> en suivant les \u00e9tapes de notre bulletin d&rsquo;adh\u00e9sion.<\/li>\n\n\n\n<li>Participez \u00e0 nos ventes d&rsquo;artisanat et \u00e0 nos campagnes de caf\u00e9 tout au long de l&rsquo;ann\u00e9e.<\/li>\n\n\n\n<li><strong>Devenir b\u00e9n\u00e9vole<\/strong>\n<ul class=\"wp-block-list\">\n<li>En France pour nous aider durant nos soir\u00e9es, nos ventes d\u2019artisanat, nos pr\u00e9parations. Contactez-nous&nbsp;!<\/li>\n\n\n\n<li>En Bolivie pour participer \u00e0 nos projets. Contactez-nous&nbsp;!<\/li>\n<\/ul>\n<\/li>\n<\/ul>\n","protected":false},"excerpt":{"rendered":"<p>Vous pouvez \u00e9galement contribuer aux enfants et aux familles de Santiago de Machaca, en Bolivie, de plusieurs mani\u00e8res : Comment faire&nbsp;?&nbsp;<\/p>\n","protected":false},"author":1,"featured_media":0,"parent":0,"menu_order":0,"comment_status":"closed","ping_status":"closed","template":"","meta":{"site-sidebar-layout":"default","site-content-layout":"","ast-site-content-layout":"default","site-content-style":"default","site-sidebar-style":"default","ast-global-header-display":"","ast-banner-title-visibility":"","ast-main-header-display":"","ast-hfb-above-header-display":"","ast-hfb-below-header-display":"","ast-hfb-mobile-header-display":"","site-post-title":"","ast-breadcrumbs-content":"","ast-featured-img":"","footer-sml-layout":"","ast-disable-related-posts":"","theme-transparent-header-meta":"","adv-header-id-meta":"","stick-header-meta":"","header-above-stick-meta":"","header-main-stick-meta":"","header-below-stick-meta":"","astra-migrate-meta-layouts":"default","ast-page-background-enabled":"default","ast-page-background-meta":{"desktop":{"background-color":"var(--ast-global-color-5)","background-image":"","background-repeat":"repeat","background-position":"center center","background-size":"auto","background-attachment":"scroll","background-type":"","background-media":"","overlay-type":"","overlay-color":"","overlay-opacity":"","overlay-gradient":""},"tablet":{"background-color":"","background-image":"","background-repeat":"repeat","background-position":"center center","background-size":"auto","background-attachment":"scroll","background-type":"","background-media":"","overlay-type":"","overlay-color":"","overlay-opacity":"","overlay-gradient":""},"mobile":{"background-color":"","background-image":"","background-repeat":"repeat","background-position":"center center","background-size":"auto","background-attachment":"scroll","background-type":"","background-media":"","overlay-type":"","overlay-color":"","overlay-opacity":"","overlay-gradient":""}},"ast-content-background-meta":{"desktop":{"background-color":"var(--ast-global-color-4)","background-image":"","background-repeat":"repeat","background-position":"center center","background-size":"auto","background-attachment":"scroll","background-type":"","background-media":"","overlay-type":"","overlay-color":"","overlay-opacity":"","overlay-gradient":""},"tablet":{"background-color":"var(--ast-global-color-4)","background-image":"","background-repeat":"repeat","background-position":"center center","background-size":"auto","background-attachment":"scroll","background-type":"","background-media":"","overlay-type":"","overlay-color":"","overlay-opacity":"","overlay-gradient":""},"mobile":{"background-color":"var(--ast-global-color-4)","background-image":"","background-repeat":"repeat","background-position":"center center","background-size":"auto","background-attachment":"scroll","background-type":"","background-media":"","overlay-type":"","overlay-color":"","overlay-opacity":"","overlay-gradient":""}},"footnotes":""},"class_list":["post-75","page","type-page","status-publish","hentry"],"_links":{"self":[{"href":"https:\/\/machakwayra.org\/mw\/index.php\/wp-json\/wp\/v2\/pages\/75","targetHints":{"allow":["GET"]}}],"collection":[{"href":"https:\/\/machakwayra.org\/mw\/index.php\/wp-json\/wp\/v2\/pages"}],"about":[{"href":"https:\/\/machakwayra.org\/mw\/index.php\/wp-json\/wp\/v2\/types\/page"}],"author":[{"embeddable":true,"href":"https:\/\/machakwayra.org\/mw\/index.php\/wp-json\/wp\/v2\/users\/1"}],"replies":[{"embeddable":true,"href":"https:\/\/machakwayra.org\/mw\/index.php\/wp-json\/wp\/v2\/comments?post=75"}],"version-history":[{"count":3,"href":"https:\/\/machakwayra.org\/mw\/index.php\/wp-json\/wp\/v2\/pages\/75\/revisions"}],"predecessor-version":[{"id":83,"href":"https:\/\/machakwayra.org\/mw\/index.php\/wp-json\/wp\/v2\/pages\/75\/revisions\/83"}],"wp:attachment":[{"href":"https:\/\/machakwayra.org\/mw\/index.php\/wp-json\/wp\/v2\/media?parent=75"}],"curies":[{"name":"wp","href":"https:\/\/api.w.org\/{rel}","templated":true}]}}